{"id":58396,"date":"2024-10-25T14:43:39","date_gmt":"2024-10-25T11:43:39","guid":{"rendered":"https:\/\/pulvak.com\/?page_id=58396"},"modified":"2024-10-25T14:45:22","modified_gmt":"2024-10-25T11:45:22","slug":"240-cc-yedek-parcalar","status":"publish","type":"page","link":"https:\/\/pulvak.com\/ru\/240-cc-yedek-parcalar\/","title":{"rendered":"240 cc \u0417\u0430\u043f\u0430\u0441\u043d\u044b\u0435 \u0447\u0430\u0441\u0442\u0438"},"content":{"rendered":"<div data-elementor-type=\"wp-page\" data-elementor-id=\"58396\" class=\"elementor elementor-58396\">\n\t\t\t\t\t\t<section class=\"elementor-section elementor-top-section elementor-element elementor-element-183a40e2 elementor-section-full_width elementor-section-height-default elementor-section-height-default sc_fly_static\" data-id=\"183a40e2\" data-element_type=\"section\">\n\t\t\t\t\t\t<div class=\"elementor-container elementor-column-gap-extended\">\n\t\t\t\t\t<div class=\"elementor-column elementor-col-100 elementor-top-column elementor-element elementor-element-2ebf6f1c sc_content_align_inherit sc_layouts_column_icons_position_left sc_fly_static\" data-id=\"2ebf6f1c\" data-element_type=\"column\">\n\t\t\t<div class=\"elementor-widget-wrap elementor-element-populated\">\n\t\t\t\t\t\t<div class=\"elementor-element elementor-element-d7834d4 sc_height_large sc_fly_static elementor-widget elementor-widget-spacer\" data-id=\"d7834d4\" data-element_type=\"widget\" data-widget_type=\"spacer.default\">\n\t\t\t\t<div class=\"elementor-widget-container\">\n\t\t\t\t\t\t\t<div class=\"elementor-spacer\">\n\t\t\t<div class=\"elementor-spacer-inner\"><\/div>\n\t\t<\/div>\n\t\t\t\t\t\t<\/div>\n\t\t\t\t<\/div>\n\t\t\t\t<div class=\"elementor-element elementor-element-675926c6 sc_fly_static elementor-widget elementor-widget-trx_sc_portfolio\" data-id=\"675926c6\" data-element_type=\"widget\" data-widget_type=\"trx_sc_portfolio.default\">\n\t\t\t\t<div class=\"elementor-widget-container\">\n\t\t\t\t\t<div \t\tclass=\"sc_portfolio sc_portfolio_eclipse\"><div class=\"sc_portfolio_columns_wrap sc_item_columns sc_item_posts_container trx_addons_columns_wrap columns_padding_bottom grid_wrap_7\"><div class=\"trx_addons_column-1_3\"><div data-post-id=\"58071\" class=\"sc_portfolio_item sc_item_container post_container\"\n\t\tdata-size=\"1500x1427\"\n\tdata-src=\"https:\/\/pulvak.com\/wp-content\/uploads\/2024\/10\/cam-ust-takim.jpg\"\n\t>\n\t<div class=\"post_featured with_thumb hover_info sc_portfolio_item_thumb\"><img fetchpriority=\"high\" decoding=\"async\" width=\"890\" height=\"664\" src=\"https:\/\/pulvak.com\/wp-content\/uploads\/2024\/10\/cam-ust-takim-890x664.jpg\" class=\"attachment-manufactory-thumb-square size-manufactory-thumb-square wp-post-image\" alt=\"\" \/>\t\t\t\t\t\t<div class=\"mask\"><\/div>\n\t\t\t\t\t\t<a href=\"https:\/\/pulvak.com\/ru\/portfolio\/240-cc-ust-cam-takim\/\"><\/a><div class=\"post_info\"><h5 class=\"post_title\"><a href=\"https:\/\/pulvak.com\/ru\/portfolio\/240-cc-ust-cam-takim\/\">240 \u0441\u043c \u041d\u0430\u0431\u043e\u0440 \u0432\u0435\u0440\u0445\u043d\u0438\u0445 \u0441\u0442\u0435\u043a\u043e\u043b<\/a><\/h5><div class=\"post_meta\"><span class=\"post_meta_item post_categories cat_sep\"><a href=\"https:\/\/pulvak.com\/ru\/portfolio_group\/240-cc-yedek-parcalar\/\" title=\"View all posts in 240 cc Yedek Par\u00e7alar\">240 cc \u0417\u0430\u043f\u0430\u0441\u043d\u044b\u0435 \u0447\u0430\u0441\u0442\u0438<\/a><\/span><\/div><\/div><\/div>\t\n<\/div><\/div><div class=\"trx_addons_column-1_3\"><div data-post-id=\"58069\" class=\"sc_portfolio_item sc_item_container post_container\"\n\t\tdata-size=\"1500x1427\"\n\tdata-src=\"https:\/\/pulvak.com\/wp-content\/uploads\/2024\/10\/alt-takim.jpg\"\n\t>\n\t<div class=\"post_featured with_thumb hover_info sc_portfolio_item_thumb\"><img decoding=\"async\" width=\"890\" height=\"664\" src=\"https:\/\/pulvak.com\/wp-content\/uploads\/2024\/10\/alt-takim-890x664.jpg\" class=\"attachment-manufactory-thumb-square size-manufactory-thumb-square wp-post-image\" alt=\"\" \/>\t\t\t\t\t\t<div class=\"mask\"><\/div>\n\t\t\t\t\t\t<a href=\"https:\/\/pulvak.com\/ru\/portfolio\/240-cc-alt-takim\/\"><\/a><div class=\"post_info\"><h5 class=\"post_title\"><a href=\"https:\/\/pulvak.com\/ru\/portfolio\/240-cc-alt-takim\/\">240 cc \u041d\u0438\u0436\u043d\u0438\u0439 \u041a\u043e\u043c\u043f\u043b\u0435\u043a\u0442<\/a><\/h5><div class=\"post_meta\"><span class=\"post_meta_item post_categories cat_sep\"><a href=\"https:\/\/pulvak.com\/ru\/portfolio_group\/240-cc-yedek-parcalar\/\" title=\"View all posts in 240 cc Yedek Par\u00e7alar\">240 cc \u0417\u0430\u043f\u0430\u0441\u043d\u044b\u0435 \u0447\u0430\u0441\u0442\u0438<\/a><\/span><\/div><\/div><\/div>\t\n<\/div><\/div><div class=\"trx_addons_column-1_3\"><div data-post-id=\"58067\" class=\"sc_portfolio_item sc_item_container post_container\"\n\t\tdata-size=\"1500x1427\"\n\tdata-src=\"https:\/\/pulvak.com\/wp-content\/uploads\/2024\/10\/240-conta.jpg\"\n\t>\n\t<div class=\"post_featured with_thumb hover_info sc_portfolio_item_thumb\"><img decoding=\"async\" width=\"890\" height=\"664\" src=\"https:\/\/pulvak.com\/wp-content\/uploads\/2024\/10\/240-conta-890x664.jpg\" class=\"attachment-manufactory-thumb-square size-manufactory-thumb-square wp-post-image\" alt=\"\" \/>\t\t\t\t\t\t<div class=\"mask\"><\/div>\n\t\t\t\t\t\t<a href=\"https:\/\/pulvak.com\/ru\/portfolio\/240-cc-conta\/\"><\/a><div class=\"post_info\"><h5 class=\"post_title\"><a href=\"https:\/\/pulvak.com\/ru\/portfolio\/240-cc-conta\/\">240 cc \u041f\u0440\u043e\u043a\u043b\u0430\u0434\u043a\u0430<\/a><\/h5><div class=\"post_meta\"><span class=\"post_meta_item post_categories cat_sep\"><a href=\"https:\/\/pulvak.com\/ru\/portfolio_group\/240-cc-yedek-parcalar\/\" title=\"View all posts in 240 cc Yedek Par\u00e7alar\">240 cc \u0417\u0430\u043f\u0430\u0441\u043d\u044b\u0435 \u0447\u0430\u0441\u0442\u0438<\/a><\/span><\/div><\/div><\/div>\t\n<\/div><\/div><div class=\"trx_addons_column-1_3\"><div data-post-id=\"58065\" class=\"sc_portfolio_item sc_item_container post_container\"\n\t\tdata-size=\"1500x1427\"\n\tdata-src=\"https:\/\/pulvak.com\/wp-content\/uploads\/2024\/10\/hava-dagitici.jpg\"\n\t>\n\t<div class=\"post_featured with_thumb hover_info sc_portfolio_item_thumb\"><img loading=\"lazy\" decoding=\"async\" width=\"890\" height=\"664\" src=\"https:\/\/pulvak.com\/wp-content\/uploads\/2024\/10\/hava-dagitici-890x664.jpg\" class=\"attachment-manufactory-thumb-square size-manufactory-thumb-square wp-post-image\" alt=\"\" \/>\t\t\t\t\t\t<div class=\"mask\"><\/div>\n\t\t\t\t\t\t<a href=\"https:\/\/pulvak.com\/ru\/portfolio\/240-cc-hava-dagitici\/\"><\/a><div class=\"post_info\"><h5 class=\"post_title\"><a href=\"https:\/\/pulvak.com\/ru\/portfolio\/240-cc-hava-dagitici\/\">240 cc \u0412\u043e\u0437\u0434\u0443\u0445\u043e\u0440\u0430\u0441\u043f\u0440\u0435\u0434\u0435\u043b\u0438\u0442\u0435\u043b\u044c<\/a><\/h5><div class=\"post_meta\"><span class=\"post_meta_item post_categories cat_sep\"><a href=\"https:\/\/pulvak.com\/ru\/portfolio_group\/240-cc-yedek-parcalar\/\" title=\"View all posts in 240 cc Yedek Par\u00e7alar\">240 cc \u0417\u0430\u043f\u0430\u0441\u043d\u044b\u0435 \u0447\u0430\u0441\u0442\u0438<\/a><\/span><\/div><\/div><\/div>\t\n<\/div><\/div><div class=\"trx_addons_column-1_3\"><div data-post-id=\"58062\" class=\"sc_portfolio_item sc_item_container post_container\"\n\t\tdata-size=\"1500x1427\"\n\tdata-src=\"https:\/\/pulvak.com\/wp-content\/uploads\/2024\/10\/top-kelebek-1.jpg\"\n\t>\n\t<div class=\"post_featured with_thumb hover_info sc_portfolio_item_thumb\"><img loading=\"lazy\" decoding=\"async\" width=\"890\" height=\"664\" src=\"https:\/\/pulvak.com\/wp-content\/uploads\/2024\/10\/top-kelebek-1-890x664.jpg\" class=\"attachment-manufactory-thumb-square size-manufactory-thumb-square wp-post-image\" alt=\"\" \/>\t\t\t\t\t\t<div class=\"mask\"><\/div>\n\t\t\t\t\t\t<a href=\"https:\/\/pulvak.com\/ru\/portfolio\/240-cc-top-kelebek\/\"><\/a><div class=\"post_info\"><h5 class=\"post_title\"><a href=\"https:\/\/pulvak.com\/ru\/portfolio\/240-cc-top-kelebek\/\">240 cc \u0428\u0430\u0440-\u0411\u0430\u0431\u043e\u0447\u043a\u0430<\/a><\/h5><div class=\"post_meta\"><span class=\"post_meta_item post_categories cat_sep\"><a href=\"https:\/\/pulvak.com\/ru\/portfolio_group\/240-cc-yedek-parcalar\/\" title=\"View all posts in 240 cc Yedek Par\u00e7alar\">240 cc \u0417\u0430\u043f\u0430\u0441\u043d\u044b\u0435 \u0447\u0430\u0441\u0442\u0438<\/a><\/span><\/div><\/div><\/div>\t\n<\/div><\/div><div class=\"trx_addons_column-1_3\"><div data-post-id=\"58060\" class=\"sc_portfolio_item sc_item_container post_container\"\n\t\tdata-size=\"1500x1427\"\n\tdata-src=\"https:\/\/pulvak.com\/wp-content\/uploads\/2024\/10\/somun.jpg\"\n\t>\n\t<div class=\"post_featured with_thumb hover_info sc_portfolio_item_thumb\"><img loading=\"lazy\" decoding=\"async\" width=\"890\" height=\"664\" src=\"https:\/\/pulvak.com\/wp-content\/uploads\/2024\/10\/somun-890x664.jpg\" class=\"attachment-manufactory-thumb-square size-manufactory-thumb-square wp-post-image\" alt=\"\" \/>\t\t\t\t\t\t<div class=\"mask\"><\/div>\n\t\t\t\t\t\t<a href=\"https:\/\/pulvak.com\/ru\/portfolio\/240-cc-somun\/\"><\/a><div class=\"post_info\"><h5 class=\"post_title\"><a href=\"https:\/\/pulvak.com\/ru\/portfolio\/240-cc-somun\/\">240 cc \u0413\u0430\u0439\u043a\u0430<\/a><\/h5><div class=\"post_meta\"><span class=\"post_meta_item post_categories cat_sep\"><a href=\"https:\/\/pulvak.com\/ru\/portfolio_group\/240-cc-yedek-parcalar\/\" title=\"View all posts in 240 cc Yedek Par\u00e7alar\">240 cc \u0417\u0430\u043f\u0430\u0441\u043d\u044b\u0435 \u0447\u0430\u0441\u0442\u0438<\/a><\/span><\/div><\/div><\/div>\t\n<\/div><\/div><div class=\"trx_addons_column-1_3\"><div data-post-id=\"58058\" class=\"sc_portfolio_item sc_item_container post_container\"\n\t\tdata-size=\"1500x1427\"\n\tdata-src=\"https:\/\/pulvak.com\/wp-content\/uploads\/2024\/10\/aski-takimi.jpg\"\n\t>\n\t<div class=\"post_featured with_thumb hover_info sc_portfolio_item_thumb\"><img loading=\"lazy\" decoding=\"async\" width=\"890\" height=\"664\" src=\"https:\/\/pulvak.com\/wp-content\/uploads\/2024\/10\/aski-takimi-890x664.jpg\" class=\"attachment-manufactory-thumb-square size-manufactory-thumb-square wp-post-image\" alt=\"\" \/>\t\t\t\t\t\t<div class=\"mask\"><\/div>\n\t\t\t\t\t\t<a href=\"https:\/\/pulvak.com\/ru\/portfolio\/240-cc-aski-takimi\/\"><\/a><div class=\"post_info\"><h5 class=\"post_title\"><a href=\"https:\/\/pulvak.com\/ru\/portfolio\/240-cc-aski-takimi\/\">240 cc \u041f\u043e\u0434\u0432\u0435\u0441\u043d\u043e\u0439 \u041a\u043e\u043c\u043f\u043b\u0435\u043a\u0442<\/a><\/h5><div class=\"post_meta\"><span class=\"post_meta_item post_categories cat_sep\"><a href=\"https:\/\/pulvak.com\/ru\/portfolio_group\/240-cc-yedek-parcalar\/\" title=\"View all posts in 240 cc Yedek Par\u00e7alar\">240 cc \u0417\u0430\u043f\u0430\u0441\u043d\u044b\u0435 \u0447\u0430\u0441\u0442\u0438<\/a><\/span><\/div><\/div><\/div>\t\n<\/div><\/div><\/div><\/div>\t\t\t\t<\/div>\n\t\t\t\t<\/div>\n\t\t\t\t<div class=\"elementor-element elementor-element-4cfbf0c6 sc_height_huge sc_fly_static elementor-widget elementor-widget-spacer\" data-id=\"4cfbf0c6\" data-element_type=\"widget\" data-widget_type=\"spacer.default\">\n\t\t\t\t<div class=\"elementor-widget-container\">\n\t\t\t\t\t\t\t<div class=\"elementor-spacer\">\n\t\t\t<div class=\"elementor-spacer-inner\"><\/div>\n\t\t<\/div>\n\t\t\t\t\t\t<\/div>\n\t\t\t\t<\/div>\n\t\t\t\t\t<\/div>\n\t\t<\/div>\n\t\t\t\t\t<\/div>\n\t\t<\/section>\n\t\t\t\t<\/div>","protected":false},"excerpt":{"rendered":"<p>240 cc \u00dcst Cam Tak\u0131m 240 cc Yedek Par\u00e7alar 240 cc Alt Tak\u0131m 240 cc Yedek Par\u00e7alar 240 cc Conta 240 cc Yedek Par\u00e7alar 240 cc Hava Da\u011f\u0131t\u0131c\u0131 240 cc&hellip;<\/p>","protected":false},"author":1,"featured_media":0,"parent":0,"menu_order":0,"comment_status":"closed","ping_status":"closed","template":"","meta":{"footnotes":""},"class_list":["post-58396","page","type-page","status-publish","hentry"],"_links":{"self":[{"href":"https:\/\/pulvak.com\/ru\/wp-json\/wp\/v2\/pages\/58396","targetHints":{"allow":["GET"]}}],"collection":[{"href":"https:\/\/pulvak.com\/ru\/wp-json\/wp\/v2\/pages"}],"about":[{"href":"https:\/\/pulvak.com\/ru\/wp-json\/wp\/v2\/types\/page"}],"author":[{"embeddable":true,"href":"https:\/\/pulvak.com\/ru\/wp-json\/wp\/v2\/users\/1"}],"replies":[{"embeddable":true,"href":"https:\/\/pulvak.com\/ru\/wp-json\/wp\/v2\/comments?post=58396"}],"version-history":[{"count":4,"href":"https:\/\/pulvak.com\/ru\/wp-json\/wp\/v2\/pages\/58396\/revisions"}],"predecessor-version":[{"id":58400,"href":"https:\/\/pulvak.com\/ru\/wp-json\/wp\/v2\/pages\/58396\/revisions\/58400"}],"wp:attachment":[{"href":"https:\/\/pulvak.com\/ru\/wp-json\/wp\/v2\/media?parent=58396"}],"curies":[{"name":"wp","href":"https:\/\/api.w.org\/{rel}","templated":true}]}}