{"id":3288,"date":"2024-01-01T21:34:17","date_gmt":"2024-01-01T21:34:17","guid":{"rendered":"https:\/\/pulvak.com\/?page_id=3288"},"modified":"2024-10-24T14:08:32","modified_gmt":"2024-10-24T11:08:32","slug":"hakkimizda","status":"publish","type":"page","link":"https:\/\/pulvak.com\/ru\/hakkimizda\/","title":{"rendered":"\u041e \u043d\u0430\u0441"},"content":{"rendered":"<div data-elementor-type=\"wp-page\" data-elementor-id=\"3288\" class=\"elementor elementor-3288\">\n\t\t\t\t\t\t<section class=\"elementor-section elementor-top-section elementor-element elementor-element-f4ad247 elementor-section-boxed elementor-section-height-default elementor-section-height-default sc_fly_static\" data-id=\"f4ad247\" data-element_type=\"section\">\n\t\t\t\t\t\t<div class=\"elementor-container elementor-column-gap-extended\">\n\t\t\t\t\t<div class=\"elementor-column elementor-col-100 elementor-top-column elementor-element elementor-element-ba5f5e1 sc_content_align_inherit sc_layouts_column_icons_position_left sc_fly_static\" data-id=\"ba5f5e1\" data-element_type=\"column\">\n\t\t\t<div class=\"elementor-widget-wrap elementor-element-populated\">\n\t\t\t\t\t\t<div class=\"elementor-element elementor-element-1f77570 sc_height_huge sc_fly_static elementor-widget elementor-widget-spacer\" data-id=\"1f77570\" data-element_type=\"widget\" data-widget_type=\"spacer.default\">\n\t\t\t\t<div class=\"elementor-widget-container\">\n\t\t\t\t\t\t\t<div class=\"elementor-spacer\">\n\t\t\t<div class=\"elementor-spacer-inner\"><\/div>\n\t\t<\/div>\n\t\t\t\t\t\t<\/div>\n\t\t\t\t<\/div>\n\t\t\t\t\t<\/div>\n\t\t<\/div>\n\t\t\t\t\t<\/div>\n\t\t<\/section>\n\t\t\t\t<section class=\"elementor-section elementor-top-section elementor-element elementor-element-ebeb908 elementor-section-boxed elementor-section-height-default elementor-section-height-default sc_fly_static\" data-id=\"ebeb908\" data-element_type=\"section\">\n\t\t\t\t\t\t<div class=\"elementor-container elementor-column-gap-extended\">\n\t\t\t\t\t<div class=\"elementor-column elementor-col-50 elementor-top-column elementor-element elementor-element-b797111 sc_content_align_inherit sc_layouts_column_icons_position_left sc_fly_static\" data-id=\"b797111\" data-element_type=\"column\">\n\t\t\t<div class=\"elementor-widget-wrap elementor-element-populated\">\n\t\t\t\t\t\t<div class=\"elementor-element elementor-element-a9b35dd elementor-widget__width-initial sc_fly_static elementor-widget elementor-widget-trx_sc_title\" data-id=\"a9b35dd\" data-element_type=\"widget\" data-widget_type=\"trx_sc_title.default\">\n\t\t\t\t<div class=\"elementor-widget-container\">\n\t\t\t\t\t<div\t\tclass=\"sc_title sc_title_default\" ><h1 class=\"sc_item_title sc_title_title sc_item_title_style_default sc_item_title_tag\"\n\t\t\t><span class=\"sc_item_title_text\">\u041e Pulvak Pulsat\u00f6r<\/span><\/h1><div class=\"sc_item_descr sc_title_descr\"><p>\u0412 \u043a\u0430\u0447\u0435\u0441\u0442\u0432\u0435 Pulvak Pulsat\u00f6r \u043c\u044b \u043f\u0440\u0435\u0434\u043b\u0430\u0433\u0430\u0435\u043c \u043a\u0430\u0447\u0435\u0441\u0442\u0432\u0435\u043d\u043d\u044b\u0435 \u0438 \u0438\u043d\u043d\u043e\u0432\u0430\u0446\u0438\u043e\u043d\u043d\u044b\u0435 \u0440\u0435\u0448\u0435\u043d\u0438\u044f \u0432 \u043e\u0431\u043b\u0430\u0441\u0442\u0438 \u043e\u0431\u043e\u0440\u0443\u0434\u043e\u0432\u0430\u043d\u0438\u044f \u0434\u043b\u044f \u0434\u043e\u0435\u043d\u0438\u044f \u043c\u043e\u043b\u043e\u043a\u0430, \u043e\u043f\u0438\u0440\u0430\u044f\u0441\u044c \u043d\u0430 \u043c\u043d\u043e\u0433\u043e\u043b\u0435\u0442\u043d\u0438\u0439 \u043e\u043f\u044b\u0442. \u0412 \u043d\u0430\u0448\u0435\u0439 \u043e\u0442\u0440\u0430\u0441\u043b\u0438 \u043c\u044b \u0432\u0441\u0435\u0433\u0434\u0430 \u0441\u0442\u0440\u0435\u043c\u0438\u043c\u0441\u044f \u043f\u043e\u043c\u043e\u0447\u044c \u0444\u0435\u0440\u043c\u0435\u0440\u0430\u043c \u0441\u043e\u0441\u0440\u0435\u0434\u043e\u0442\u043e\u0447\u0438\u0442\u044c\u0441\u044f \u043d\u0430 \u0438\u0445 \u043f\u043e\u0442\u0440\u0435\u0431\u043d\u043e\u0441\u0442\u044f\u0445, \u0434\u0435\u043b\u0430\u044f \u0438\u0445 \u0440\u0430\u0431\u043e\u0442\u0443 \u0431\u043e\u043b\u0435\u0435 \u044d\u0444\u0444\u0435\u043a\u0442\u0438\u0432\u043d\u043e\u0439 \u0438 \u0443\u0441\u0442\u043e\u0439\u0447\u0438\u0432\u043e\u0439.<\/p>\n<p>\u041d\u0430\u0448\u0430 \u043f\u0440\u043e\u0434\u0443\u043a\u0446\u0438\u044f \u0438\u0437\u0432\u0435\u0441\u0442\u043d\u0430 \u0441\u0432\u043e\u0435\u0439 \u043f\u0440\u043e\u0447\u043d\u043e\u0441\u0442\u044c\u044e \u0438 \u043d\u0430\u0434\u0435\u0436\u043d\u043e\u0441\u0442\u044c\u044e. \u041e\u043f\u0442\u0438\u043c\u0438\u0437\u0438\u0440\u0443\u044f \u043f\u0440\u043e\u0446\u0435\u0441\u0441\u044b \u0434\u043e\u0435\u043d\u0438\u044f \u043d\u0430\u0448\u0438\u0445 \u043a\u043b\u0438\u0435\u043d\u0442\u043e\u0432, \u043c\u044b \u0440\u0430\u0437\u0440\u0430\u0431\u0430\u0442\u044b\u0432\u0430\u0435\u043c \u043a\u043e\u043d\u0441\u0442\u0440\u0443\u043a\u0446\u0438\u0438, \u043d\u0430\u043f\u0440\u0430\u0432\u043b\u0435\u043d\u043d\u044b\u0435 \u043d\u0430 \u0441\u043e\u0445\u0440\u0430\u043d\u0435\u043d\u0438\u0435 \u043a\u0430\u0447\u0435\u0441\u0442\u0432\u0430 \u043c\u043e\u043b\u043e\u043a\u0430. \u041d\u0430\u0448\u0438 \u043c\u0430\u0448\u0438\u043d\u044b \u0434\u043b\u044f \u0434\u043e\u0435\u043d\u0438\u044f \u043e\u0441\u043d\u0430\u0449\u0435\u043d\u044b \u0440\u0430\u0437\u043b\u0438\u0447\u043d\u044b\u043c\u0438 \u0444\u0443\u043d\u043a\u0446\u0438\u044f\u043c\u0438, \u0447\u0442\u043e\u0431\u044b \u0443\u0434\u043e\u0432\u043b\u0435\u0442\u0432\u043e\u0440\u0438\u0442\u044c \u0440\u0430\u0437\u043b\u0438\u0447\u043d\u044b\u0435 \u043f\u043e\u0442\u0440\u0435\u0431\u043d\u043e\u0441\u0442\u0438 \u0444\u0435\u0440\u043c, \u043f\u0440\u0435\u0434\u043b\u0430\u0433\u0430\u044f \u0443\u0434\u043e\u0431\u0441\u0442\u0432\u043e \u0432 \u0438\u0441\u043f\u043e\u043b\u044c\u0437\u043e\u0432\u0430\u043d\u0438\u0438 \u0438 \u0434\u043e\u043b\u0433\u043e\u0432\u0435\u0447\u043d\u0443\u044e \u043f\u0440\u043e\u0438\u0437\u0432\u043e\u0434\u0438\u0442\u0435\u043b\u044c\u043d\u043e\u0441\u0442\u044c.<\/p>\n<p>\u0412\u0441\u0435\u0433\u0434\u0430 \u0441\u0442\u0430\u0432\u044f \u043d\u0430 \u043f\u0435\u0440\u0432\u043e\u0435 \u043c\u0435\u0441\u0442\u043e \u0443\u0434\u043e\u0432\u043b\u0435\u0442\u0432\u043e\u0440\u0435\u043d\u0438\u0435 \u043a\u043b\u0438\u0435\u043d\u0442\u043e\u0432, \u043c\u044b \u043d\u0435 \u0442\u043e\u043b\u044c\u043a\u043e \u043f\u0440\u043e\u0434\u0430\u0435\u043c \u043f\u0440\u043e\u0434\u0443\u043a\u0442\u044b, \u043d\u043e \u0438 \u043f\u0440\u0435\u0434\u043e\u0441\u0442\u0430\u0432\u043b\u044f\u0435\u043c \u043a\u043e\u043c\u043f\u043b\u0435\u043a\u0441\u043d\u0443\u044e \u0442\u0435\u0445\u043d\u0438\u0447\u0435\u0441\u043a\u0443\u044e \u043f\u043e\u0434\u0434\u0435\u0440\u0436\u043a\u0443 \u0438 \u043a\u043e\u043d\u0441\u0443\u043b\u044c\u0442\u0430\u0446\u0438\u043e\u043d\u043d\u044b\u0435 \u0443\u0441\u043b\u0443\u0433\u0438. \u0421 \u0441\u0438\u043b\u043e\u0439, \u043f\u043e\u043b\u0443\u0447\u0435\u043d\u043d\u043e\u0439 \u043e\u0442 \u043c\u043d\u043e\u0433\u043e\u043b\u0435\u0442\u043d\u0435\u0433\u043e \u0434\u043e\u0432\u0435\u0440\u0438\u044f, \u043c\u044b \u0433\u043e\u0440\u0434\u0438\u043c\u0441\u044f \u0442\u0435\u043c, \u0447\u0442\u043e \u044f\u0432\u043b\u044f\u0435\u043c\u0441\u044f \u0432\u0435\u0434\u0443\u0449\u0438\u043c \u0431\u0440\u0435\u043d\u0434\u043e\u043c \u0432 \u043e\u0442\u0440\u0430\u0441\u043b\u0438.<\/p>\n<p>\u0412 \u0431\u0443\u0434\u0443\u0449\u0435\u043c \u043c\u044b \u043f\u0440\u043e\u0434\u043e\u043b\u0436\u0438\u043c \u0432\u043d\u0438\u043c\u0430\u0442\u0435\u043b\u044c\u043d\u043e \u0441\u043b\u0435\u0434\u0438\u0442\u044c \u0437\u0430 \u0440\u0430\u0437\u0432\u0438\u0442\u0438\u0435\u043c \u0442\u0435\u0445\u043d\u043e\u043b\u043e\u0433\u0438\u0439 \u0434\u043e\u0435\u043d\u0438\u044f \u0438 \u043f\u0440\u0435\u0434\u043e\u0441\u0442\u0430\u0432\u043b\u044f\u0442\u044c \u043d\u0430\u0448\u0438\u043c \u0444\u0435\u0440\u043c\u0435\u0440\u0430\u043c \u0441\u0430\u043c\u044b\u0435 \u0438\u043d\u043d\u043e\u0432\u0430\u0446\u0438\u043e\u043d\u043d\u044b\u0435 \u0440\u0435\u0448\u0435\u043d\u0438\u044f.<\/p>\n<\/div><div\tclass=\"sc_item_button sc_button_wrap sc_item_button sc_item_button_default sc_item_button_size_normal sc_title_button\"><a href=\"https:\/\/pulvak.com\/ru\/iletisim\/\" class=\"sc_button sc_button_default sc_button_size_normal sc_button_icon_left\"><span class=\"sc_button_text\"><span class=\"sc_button_title\">\u0421\u0432\u044f\u0437\u044c<\/span><\/span><\/a><\/div><\/div>\t\t\t\t<\/div>\n\t\t\t\t<\/div>\n\t\t\t\t<div class=\"elementor-element elementor-element-15c7c4f sc_height_huge sc_fly_static elementor-widget elementor-widget-spacer\" data-id=\"15c7c4f\" data-element_type=\"widget\" data-widget_type=\"spacer.default\">\n\t\t\t\t<div class=\"elementor-widget-container\">\n\t\t\t\t\t\t\t<div class=\"elementor-spacer\">\n\t\t\t<div class=\"elementor-spacer-inner\"><\/div>\n\t\t<\/div>\n\t\t\t\t\t\t<\/div>\n\t\t\t\t<\/div>\n\t\t\t\t\t<\/div>\n\t\t<\/div>\n\t\t\t\t<div class=\"elementor-column elementor-col-50 elementor-top-column elementor-element elementor-element-b1f1269 sc_content_align_inherit sc_layouts_column_icons_position_left sc_fly_static\" data-id=\"b1f1269\" data-element_type=\"column\">\n\t\t\t<div class=\"elementor-widget-wrap elementor-element-populated\">\n\t\t\t\t\t\t<div class=\"elementor-element elementor-element-8c20668 elementor-widget-divider--view-line sc_fly_static elementor-widget elementor-widget-divider\" data-id=\"8c20668\" data-element_type=\"widget\" data-widget_type=\"divider.default\">\n\t\t\t\t<div class=\"elementor-widget-container\">\n\t\t\t\t\t\t\t<div class=\"elementor-divider\">\n\t\t\t<span class=\"elementor-divider-separator\">\n\t\t\t\t\t\t<\/span>\n\t\t<\/div>\n\t\t\t\t\t\t<\/div>\n\t\t\t\t<\/div>\n\t\t\t\t<div class=\"elementor-element elementor-element-aaf4cab sc_fly_static elementor-widget elementor-widget-toggle\" data-id=\"aaf4cab\" data-element_type=\"widget\" data-widget_type=\"toggle.default\">\n\t\t\t\t<div class=\"elementor-widget-container\">\n\t\t\t\t\t\t\t<div class=\"elementor-toggle\">\n\t\t\t\t\t\t\t<div class=\"elementor-toggle-item\">\n\t\t\t\t\t<h5 id=\"elementor-tab-title-1791\" class=\"elementor-tab-title\" data-tab=\"1\" role=\"button\" aria-controls=\"elementor-tab-content-1791\" aria-expanded=\"false\">\n\t\t\t\t\t\t\t\t\t\t\t\t<span class=\"elementor-toggle-icon elementor-toggle-icon-right\" aria-hidden=\"true\">\n\t\t\t\t\t\t\t\t\t\t\t\t\t\t\t<span class=\"elementor-toggle-icon-closed\"><svg xmlns=\"http:\/\/www.w3.org\/2000\/svg\" xmlns:xlink=\"http:\/\/www.w3.org\/1999\/xlink\" x=\"0px\" y=\"0px\" viewbox=\"0 0 14.6 14.5\" style=\"enable-background:new 0 0 14.6 14.5;\" xml:space=\"preserve\"><path d=\"M12.2,7.3l-7.1,7.1c-0.3,0.3-0.8,0.3-1.1,0c0,0,0,0,0,0c-0.3-0.3-0.3-0.8,0-1.1 c0,0,0,0,0,0l6-6l-6-6C3.8,0.9,3.8,0.5,4,0.2c0,0,0,0,0,0c0.3-0.3,0.8-0.3,1.1,0c0,0,0,0,0,0L12.2,7.3z\"><\/path><\/svg><\/span>\n\t\t\t\t\t\t\t\t<span class=\"elementor-toggle-icon-opened\"><svg xmlns=\"http:\/\/www.w3.org\/2000\/svg\" xmlns:xlink=\"http:\/\/www.w3.org\/1999\/xlink\" x=\"0px\" y=\"0px\" viewbox=\"0 0 14.6 14.5\" style=\"enable-background:new 0 0 14.6 14.5;\" xml:space=\"preserve\"><path d=\"M7.3,11.6L0.2,4.5c-0.3-0.3-0.3-0.8,0-1.1c0,0,0,0,0,0c0.3-0.3,0.8-0.3,1.1,0 c0,0,0,0,0,0l6,6l6-6c0.3-0.3,0.8-0.3,1.1,0c0,0,0,0,0,0c0.3,0.3,0.3,0.8,0,1.1c0,0,0,0,0,0L7.3,11.6z\"><\/path><\/svg><\/span>\n\t\t\t\t\t\t\t\t\t\t\t\t\t<\/span>\n\t\t\t\t\t\t\t\t\t\t\t\t<a class=\"elementor-toggle-title\" tabindex=\"0\">\u0421 \u043a\u0430\u043a\u0438\u043c\u0438 \u0434\u043e\u0438\u043b\u044c\u043d\u044b\u043c\u0438 \u043c\u0430\u0448\u0438\u043d\u0430\u043c\u0438 \u0441\u043e\u0432\u043c\u0435\u0441\u0442\u0438\u043c\u044b \u043f\u0440\u043e\u0434\u0443\u043a\u0442\u044b Pulvak Pulsat\u00f6r ?<\/a>\n\t\t\t\t\t<\/h5>\n\n\t\t\t\t\t<div id=\"elementor-tab-content-1791\" class=\"elementor-tab-content elementor-clearfix\" data-tab=\"1\" role=\"region\" aria-labelledby=\"elementor-tab-title-1791\"><p class=\"p1\">\u041f\u0440\u043e\u0434\u0443\u043a\u0446\u0438\u044f Pulvak Pulsat\u00f6r \u0440\u0430\u0437\u0440\u0430\u0431\u043e\u0442\u0430\u043d\u0430 \u0434\u043b\u044f \u0441\u043e\u0432\u043c\u0435\u0441\u0442\u0438\u043c\u043e\u0441\u0442\u0438 \u0441 \u0434\u043e\u0438\u043b\u044c\u043d\u044b\u043c\u0438 \u043c\u0430\u0448\u0438\u043d\u0430\u043c\u0438 \u0440\u0430\u0437\u043b\u0438\u0447\u043d\u044b\u0445 \u043c\u043e\u0434\u0435\u043b\u0435\u0439 \u0438 \u043c\u0430\u0440\u043e\u043a. \u041d\u0430\u0448\u0438 \u043f\u0440\u043e\u0434\u0443\u043a\u0442\u044b \u043c\u043e\u0433\u0443\u0442 \u0431\u0435\u0437 \u043f\u0440\u043e\u0431\u043b\u0435\u043c \u0438\u0441\u043f\u043e\u043b\u044c\u0437\u043e\u0432\u0430\u0442\u044c\u0441\u044f \u0441 \u043c\u0430\u0448\u0438\u043d\u0430\u043c\u0438, \u0438\u043c\u0435\u044e\u0449\u0438\u043c\u0438 \u0441\u0442\u0430\u043d\u0434\u0430\u0440\u0442\u043d\u044b\u0435 \u0441\u0438\u0441\u0442\u0435\u043c\u044b \u043f\u043e\u0434\u043a\u043b\u044e\u0447\u0435\u043d\u0438\u044f. \u0427\u0442\u043e\u0431\u044b \u0438\u0437\u0431\u0435\u0436\u0430\u0442\u044c \u043f\u0440\u043e\u0431\u043b\u0435\u043c \u0441 \u0441\u043e\u0432\u043c\u0435\u0441\u0442\u0438\u043c\u043e\u0441\u0442\u044c\u044e, \u043c\u044b \u0440\u0435\u043a\u043e\u043c\u0435\u043d\u0434\u0443\u0435\u043c \u0432\u044b\u0431\u0438\u0440\u0430\u0442\u044c \u043f\u0440\u0430\u0432\u0438\u043b\u044c\u043d\u044b\u0439 \u043f\u0443\u043b\u044c\u0441\u0430\u0442\u043e\u0440 \u0432 \u0437\u0430\u0432\u0438\u0441\u0438\u043c\u043e\u0441\u0442\u0438 \u043e\u0442 \u043c\u043e\u0434\u0435\u043b\u0438 \u0432\u0430\u0448\u0435\u0439 \u043c\u0430\u0448\u0438\u043d\u044b.<\/p><\/div>\n\t\t\t\t<\/div>\n\t\t\t\t\t\t\t<div class=\"elementor-toggle-item\">\n\t\t\t\t\t<h5 id=\"elementor-tab-title-1792\" class=\"elementor-tab-title\" data-tab=\"2\" role=\"button\" aria-controls=\"elementor-tab-content-1792\" aria-expanded=\"false\">\n\t\t\t\t\t\t\t\t\t\t\t\t<span class=\"elementor-toggle-icon elementor-toggle-icon-right\" aria-hidden=\"true\">\n\t\t\t\t\t\t\t\t\t\t\t\t\t\t\t<span class=\"elementor-toggle-icon-closed\"><svg xmlns=\"http:\/\/www.w3.org\/2000\/svg\" xmlns:xlink=\"http:\/\/www.w3.org\/1999\/xlink\" x=\"0px\" y=\"0px\" viewbox=\"0 0 14.6 14.5\" style=\"enable-background:new 0 0 14.6 14.5;\" xml:space=\"preserve\"><path d=\"M12.2,7.3l-7.1,7.1c-0.3,0.3-0.8,0.3-1.1,0c0,0,0,0,0,0c-0.3-0.3-0.3-0.8,0-1.1 c0,0,0,0,0,0l6-6l-6-6C3.8,0.9,3.8,0.5,4,0.2c0,0,0,0,0,0c0.3-0.3,0.8-0.3,1.1,0c0,0,0,0,0,0L12.2,7.3z\"><\/path><\/svg><\/span>\n\t\t\t\t\t\t\t\t<span class=\"elementor-toggle-icon-opened\"><svg xmlns=\"http:\/\/www.w3.org\/2000\/svg\" xmlns:xlink=\"http:\/\/www.w3.org\/1999\/xlink\" x=\"0px\" y=\"0px\" viewbox=\"0 0 14.6 14.5\" style=\"enable-background:new 0 0 14.6 14.5;\" xml:space=\"preserve\"><path d=\"M7.3,11.6L0.2,4.5c-0.3-0.3-0.3-0.8,0-1.1c0,0,0,0,0,0c0.3-0.3,0.8-0.3,1.1,0 c0,0,0,0,0,0l6,6l6-6c0.3-0.3,0.8-0.3,1.1,0c0,0,0,0,0,0c0.3,0.3,0.3,0.8,0,1.1c0,0,0,0,0,0L7.3,11.6z\"><\/path><\/svg><\/span>\n\t\t\t\t\t\t\t\t\t\t\t\t\t<\/span>\n\t\t\t\t\t\t\t\t\t\t\t\t<a class=\"elementor-toggle-title\" tabindex=\"0\">\u041d\u0430 \u0447\u0442\u043e \u043c\u043d\u0435 \u043e\u0431\u0440\u0430\u0442\u0438\u0442\u044c \u0432\u043d\u0438\u043c\u0430\u043d\u0438\u0435 \u043f\u0440\u0438 \u0432\u044b\u0431\u043e\u0440\u0435 \u043f\u0443\u043b\u044c\u0441\u0430\u0442\u043e\u0440\u0430 ?<\/a>\n\t\t\t\t\t<\/h5>\n\n\t\t\t\t\t<div id=\"elementor-tab-content-1792\" class=\"elementor-tab-content elementor-clearfix\" data-tab=\"2\" role=\"region\" aria-labelledby=\"elementor-tab-title-1792\"><p class=\"p1\">\u041f\u0440\u0438 \u0432\u044b\u0431\u043e\u0440\u0435 \u043f\u0443\u043b\u044c\u0441\u0430\u0442\u043e\u0440\u0430 \u0432\u0430\u0436\u043d\u043e \u0432\u044b\u0431\u0440\u0430\u0442\u044c \u043c\u043e\u0434\u0435\u043b\u044c, \u0441\u043e\u0432\u043c\u0435\u0441\u0442\u0438\u043c\u0443\u044e \u0441 \u0438\u0441\u043f\u043e\u043b\u044c\u0437\u0443\u0435\u043c\u044b\u043c \u0432\u0430\u043c\u0438 \u0434\u043e\u0438\u043b\u044c\u043d\u044b\u043c \u0430\u043f\u043f\u0430\u0440\u0430\u0442\u043e\u043c. \u0422\u0430\u043a\u0436\u0435 \u0441\u043b\u0435\u0434\u0443\u0435\u0442 \u0443\u0447\u0438\u0442\u044b\u0432\u0430\u0442\u044c \u0442\u0430\u043a\u0438\u0435 \u0444\u0430\u043a\u0442\u043e\u0440\u044b, \u043a\u0430\u043a \u0447\u0430\u0441\u0442\u043e\u0442\u0430 \u0434\u043e\u0435\u043d\u0438\u044f, \u043f\u0440\u043e\u0434\u043e\u043b\u0436\u0438\u0442\u0435\u043b\u044c\u043d\u043e\u0441\u0442\u044c \u0434\u043e\u0435\u043d\u0438\u044f \u0438 \u0440\u0430\u0437\u043c\u0435\u0440 \u0432\u0430\u0448\u0435\u0433\u043e \u0445\u043e\u0437\u044f\u0439\u0441\u0442\u0432\u0430. \u0427\u0442\u043e\u0431\u044b \u0441\u0434\u0435\u043b\u0430\u0442\u044c \u043f\u0440\u0430\u0432\u0438\u043b\u044c\u043d\u044b\u0439 \u0432\u044b\u0431\u043e\u0440, \u0432\u044b \u043c\u043e\u0436\u0435\u0442\u0435 \u043e\u0431\u0440\u0430\u0442\u0438\u0442\u044c\u0441\u044f \u043a \u043d\u0430\u043c \u0437\u0430 \u0442\u0435\u0445\u043d\u0438\u0447\u0435\u0441\u043a\u043e\u0439 \u043f\u043e\u0434\u0434\u0435\u0440\u0436\u043a\u043e\u0439.<\/p><\/div>\n\t\t\t\t<\/div>\n\t\t\t\t\t\t\t<div class=\"elementor-toggle-item\">\n\t\t\t\t\t<h5 id=\"elementor-tab-title-1793\" class=\"elementor-tab-title\" data-tab=\"3\" role=\"button\" aria-controls=\"elementor-tab-content-1793\" aria-expanded=\"false\">\n\t\t\t\t\t\t\t\t\t\t\t\t<span class=\"elementor-toggle-icon elementor-toggle-icon-right\" aria-hidden=\"true\">\n\t\t\t\t\t\t\t\t\t\t\t\t\t\t\t<span class=\"elementor-toggle-icon-closed\"><svg xmlns=\"http:\/\/www.w3.org\/2000\/svg\" xmlns:xlink=\"http:\/\/www.w3.org\/1999\/xlink\" x=\"0px\" y=\"0px\" viewbox=\"0 0 14.6 14.5\" style=\"enable-background:new 0 0 14.6 14.5;\" xml:space=\"preserve\"><path d=\"M12.2,7.3l-7.1,7.1c-0.3,0.3-0.8,0.3-1.1,0c0,0,0,0,0,0c-0.3-0.3-0.3-0.8,0-1.1 c0,0,0,0,0,0l6-6l-6-6C3.8,0.9,3.8,0.5,4,0.2c0,0,0,0,0,0c0.3-0.3,0.8-0.3,1.1,0c0,0,0,0,0,0L12.2,7.3z\"><\/path><\/svg><\/span>\n\t\t\t\t\t\t\t\t<span class=\"elementor-toggle-icon-opened\"><svg xmlns=\"http:\/\/www.w3.org\/2000\/svg\" xmlns:xlink=\"http:\/\/www.w3.org\/1999\/xlink\" x=\"0px\" y=\"0px\" viewbox=\"0 0 14.6 14.5\" style=\"enable-background:new 0 0 14.6 14.5;\" xml:space=\"preserve\"><path d=\"M7.3,11.6L0.2,4.5c-0.3-0.3-0.3-0.8,0-1.1c0,0,0,0,0,0c0.3-0.3,0.8-0.3,1.1,0 c0,0,0,0,0,0l6,6l6-6c0.3-0.3,0.8-0.3,1.1,0c0,0,0,0,0,0c0.3,0.3,0.3,0.8,0,1.1c0,0,0,0,0,0L7.3,11.6z\"><\/path><\/svg><\/span>\n\t\t\t\t\t\t\t\t\t\t\t\t\t<\/span>\n\t\t\t\t\t\t\t\t\t\t\t\t<a class=\"elementor-toggle-title\" tabindex=\"0\">\u041a\u0430\u043a\u043e\u0432\u0430 \u0440\u043e\u043b\u044c \u043f\u0443\u043b\u044c\u0441\u0430\u0442\u043e\u0440\u043e\u0432 \u0432 \u0434\u043e\u0438\u043b\u044c\u043d\u044b\u0445 \u043c\u0430\u0448\u0438\u043d\u0430\u0445 ?<\/a>\n\t\t\t\t\t<\/h5>\n\n\t\t\t\t\t<div id=\"elementor-tab-content-1793\" class=\"elementor-tab-content elementor-clearfix\" data-tab=\"3\" role=\"region\" aria-labelledby=\"elementor-tab-title-1793\"><p class=\"p1\">\u041f\u0443\u043b\u044c\u0441\u0430\u0442\u043e\u0440\u044b \u0440\u0435\u0433\u0443\u043b\u0438\u0440\u0443\u044e\u0442 \u0440\u0435\u0433\u0443\u043b\u044f\u0440\u043d\u043e\u0435 \u043e\u0442\u043a\u0440\u044b\u0442\u0438\u0435 \u0438 \u0437\u0430\u043a\u0440\u044b\u0442\u0438\u0435 \u0432\u0430\u043a\u0443\u0443\u043c\u0430, \u043f\u0440\u0438\u043c\u0435\u043d\u044f\u0435\u043c\u043e\u0433\u043e \u043a \u0441\u043e\u0441\u043a\u0430\u043c \u0432 \u0434\u043e\u0438\u043b\u044c\u043d\u044b\u0445 \u043c\u0430\u0448\u0438\u043d\u0430\u0445. \u042d\u0442\u043e \u0440\u0438\u0442\u043c\u0438\u0447\u043d\u043e\u0435 \u0434\u0432\u0438\u0436\u0435\u043d\u0438\u0435 \u043f\u043e\u0437\u0432\u043e\u043b\u044f\u0435\u0442 \u043f\u0440\u0430\u0432\u0438\u043b\u044c\u043d\u043e \u0438\u0437\u0432\u043b\u0435\u043a\u0430\u0442\u044c \u043c\u043e\u043b\u043e\u043a\u043e \u0438\u0437 \u0432\u044b\u043c\u0435\u043d\u0438 \u0436\u0438\u0432\u043e\u0442\u043d\u043e\u0433\u043e. \u0414\u043e\u0439\u043a\u0430 \u043d\u0435 \u043c\u043e\u0436\u0435\u0442 \u0431\u044b\u0442\u044c \u0432\u044b\u043f\u043e\u043b\u043d\u0435\u043d\u0430 \u0437\u0434\u043e\u0440\u043e\u0432\u044b\u043c \u0438 \u044d\u0444\u0444\u0435\u043a\u0442\u0438\u0432\u043d\u044b\u043c \u043e\u0431\u0440\u0430\u0437\u043e\u043c \u0431\u0435\u0437 \u043f\u0443\u043b\u044c\u0441\u0430\u0442\u043e\u0440\u0430.<\/p><\/div>\n\t\t\t\t<\/div>\n\t\t\t\t\t\t\t<div class=\"elementor-toggle-item\">\n\t\t\t\t\t<h5 id=\"elementor-tab-title-1794\" class=\"elementor-tab-title\" data-tab=\"4\" role=\"button\" aria-controls=\"elementor-tab-content-1794\" aria-expanded=\"false\">\n\t\t\t\t\t\t\t\t\t\t\t\t<span class=\"elementor-toggle-icon elementor-toggle-icon-right\" aria-hidden=\"true\">\n\t\t\t\t\t\t\t\t\t\t\t\t\t\t\t<span class=\"elementor-toggle-icon-closed\"><svg xmlns=\"http:\/\/www.w3.org\/2000\/svg\" xmlns:xlink=\"http:\/\/www.w3.org\/1999\/xlink\" x=\"0px\" y=\"0px\" viewbox=\"0 0 14.6 14.5\" style=\"enable-background:new 0 0 14.6 14.5;\" xml:space=\"preserve\"><path d=\"M12.2,7.3l-7.1,7.1c-0.3,0.3-0.8,0.3-1.1,0c0,0,0,0,0,0c-0.3-0.3-0.3-0.8,0-1.1 c0,0,0,0,0,0l6-6l-6-6C3.8,0.9,3.8,0.5,4,0.2c0,0,0,0,0,0c0.3-0.3,0.8-0.3,1.1,0c0,0,0,0,0,0L12.2,7.3z\"><\/path><\/svg><\/span>\n\t\t\t\t\t\t\t\t<span class=\"elementor-toggle-icon-opened\"><svg xmlns=\"http:\/\/www.w3.org\/2000\/svg\" xmlns:xlink=\"http:\/\/www.w3.org\/1999\/xlink\" x=\"0px\" y=\"0px\" viewbox=\"0 0 14.6 14.5\" style=\"enable-background:new 0 0 14.6 14.5;\" xml:space=\"preserve\"><path d=\"M7.3,11.6L0.2,4.5c-0.3-0.3-0.3-0.8,0-1.1c0,0,0,0,0,0c0.3-0.3,0.8-0.3,1.1,0 c0,0,0,0,0,0l6,6l6-6c0.3-0.3,0.8-0.3,1.1,0c0,0,0,0,0,0c0.3,0.3,0.3,0.8,0,1.1c0,0,0,0,0,0L7.3,11.6z\"><\/path><\/svg><\/span>\n\t\t\t\t\t\t\t\t\t\t\t\t\t<\/span>\n\t\t\t\t\t\t\t\t\t\t\t\t<a class=\"elementor-toggle-title\" tabindex=\"0\">\u0427\u0442\u043e \u043c\u043d\u0435 \u0434\u0435\u043b\u0430\u0442\u044c \u0441 \u043f\u0440\u043e\u0431\u043b\u0435\u043c\u0430\u043c\u0438, \u0432\u043e\u0437\u043d\u0438\u043a\u0430\u044e\u0449\u0438\u043c\u0438 \u0432\u043e \u0432\u0440\u0435\u043c\u044f \u0434\u043e\u0435\u043d\u0438\u044f ?<\/a>\n\t\t\t\t\t<\/h5>\n\n\t\t\t\t\t<div id=\"elementor-tab-content-1794\" class=\"elementor-tab-content elementor-clearfix\" data-tab=\"4\" role=\"region\" aria-labelledby=\"elementor-tab-title-1794\"><p class=\"p1\">\u0415\u0441\u043b\u0438 \u0432\u044b \u0441\u0442\u043e\u043b\u043a\u043d\u0435\u0442\u0435\u0441\u044c \u0441 \u043a\u0430\u043a\u043e\u0439-\u043b\u0438\u0431\u043e \u043f\u0440\u043e\u0431\u043b\u0435\u043c\u043e\u0439 \u0432\u043e \u0432\u0440\u0435\u043c\u044f \u0434\u043e\u0435\u043d\u0438\u044f, \u043c\u044b \u0440\u0435\u043a\u043e\u043c\u0435\u043d\u0434\u0443\u0435\u043c \u0441\u043d\u0430\u0447\u0430\u043b\u0430 \u043f\u0440\u043e\u0432\u0435\u0440\u0438\u0442\u044c \u0440\u0443\u043a\u043e\u0432\u043e\u0434\u0441\u0442\u0432\u043e \u043f\u043e\u043b\u044c\u0437\u043e\u0432\u0430\u0442\u0435\u043b\u044f \u043f\u0440\u043e\u0434\u0443\u043a\u0442\u0430. \u0415\u0441\u043b\u0438 \u043f\u0440\u043e\u0431\u043b\u0435\u043c\u0430 \u0441\u043e\u0445\u0440\u0430\u043d\u044f\u0435\u0442\u0441\u044f, \u0432\u044b \u043c\u043e\u0436\u0435\u0442\u0435 \u043e\u0431\u0440\u0430\u0442\u0438\u0442\u044c\u0441\u044f \u0432 \u043d\u0430\u0448\u0443 \u0442\u0435\u0445\u043d\u0438\u0447\u0435\u0441\u043a\u0443\u044e \u043f\u043e\u0434\u0434\u0435\u0440\u0436\u043a\u0443 \u0434\u043b\u044f \u0431\u044b\u0441\u0442\u0440\u043e\u0433\u043e \u0440\u0435\u0448\u0435\u043d\u0438\u044f.<\/p><\/div>\n\t\t\t\t<\/div>\n\t\t\t\t\t\t\t\t<\/div>\n\t\t\t\t\t\t<\/div>\n\t\t\t\t<\/div>\n\t\t\t\t<div class=\"elementor-element elementor-element-335fe1b sc_height_huge sc_fly_static elementor-widget elementor-widget-spacer\" data-id=\"335fe1b\" data-element_type=\"widget\" data-widget_type=\"spacer.default\">\n\t\t\t\t<div class=\"elementor-widget-container\">\n\t\t\t\t\t\t\t<div class=\"elementor-spacer\">\n\t\t\t<div class=\"elementor-spacer-inner\"><\/div>\n\t\t<\/div>\n\t\t\t\t\t\t<\/div>\n\t\t\t\t<\/div>\n\t\t\t\t\t<\/div>\n\t\t<\/div>\n\t\t\t\t\t<\/div>\n\t\t<\/section>\n\t\t\t\t<\/div>","protected":false},"excerpt":{"rendered":"<p>Pulvak Pulsat\u00f6r Hakk\u0131nda Pulvak Pulsat\u00f6r olarak, s\u00fct sa\u011f\u0131m ekipmanlar\u0131 alan\u0131nda y\u0131llar\u0131n tecr\u00fcbesiyle kaliteli ve yenilik\u00e7i \u00e7\u00f6z\u00fcmler sunuyoruz. Faaliyet g\u00f6sterdi\u011fimiz sekt\u00f6rde, her zaman \u00e7ift\u00e7ilerin ihtiya\u00e7lar\u0131na odaklanarak, i\u015flerini daha verimli ve s\u00fcrd\u00fcr\u00fclebilir&hellip;<\/p>","protected":false},"author":1,"featured_media":0,"parent":0,"menu_order":0,"comment_status":"closed","ping_status":"closed","template":"","meta":{"footnotes":""},"class_list":["post-3288","page","type-page","status-publish","hentry"],"_links":{"self":[{"href":"https:\/\/pulvak.com\/ru\/wp-json\/wp\/v2\/pages\/3288","targetHints":{"allow":["GET"]}}],"collection":[{"href":"https:\/\/pulvak.com\/ru\/wp-json\/wp\/v2\/pages"}],"about":[{"href":"https:\/\/pulvak.com\/ru\/wp-json\/wp\/v2\/types\/page"}],"author":[{"embeddable":true,"href":"https:\/\/pulvak.com\/ru\/wp-json\/wp\/v2\/users\/1"}],"replies":[{"embeddable":true,"href":"https:\/\/pulvak.com\/ru\/wp-json\/wp\/v2\/comments?post=3288"}],"version-history":[{"count":13,"href":"https:\/\/pulvak.com\/ru\/wp-json\/wp\/v2\/pages\/3288\/revisions"}],"predecessor-version":[{"id":58288,"href":"https:\/\/pulvak.com\/ru\/wp-json\/wp\/v2\/pages\/3288\/revisions\/58288"}],"wp:attachment":[{"href":"https:\/\/pulvak.com\/ru\/wp-json\/wp\/v2\/media?parent=3288"}],"curies":[{"name":"wp","href":"https:\/\/api.w.org\/{rel}","templated":true}]}}