{"id":18645,"date":"2024-01-01T13:58:41","date_gmt":"2024-01-01T13:58:41","guid":{"rendered":"https:\/\/pulvak.com\/?page_id=18645"},"modified":"2024-10-25T13:07:58","modified_gmt":"2024-10-25T10:07:58","slug":"pulsatorler","status":"publish","type":"page","link":"https:\/\/pulvak.com\/ru\/pulsatorler\/","title":{"rendered":"\u041f\u0443\u043b\u044c\u0441\u0430\u0442\u043e\u0440\u044b"},"content":{"rendered":"<div data-elementor-type=\"wp-page\" data-elementor-id=\"18645\" class=\"elementor elementor-18645\">\n\t\t\t\t\t\t<section class=\"elementor-section elementor-top-section elementor-element elementor-element-2cc263b elementor-section-boxed elementor-section-height-default elementor-section-height-default sc_fly_static\" data-id=\"2cc263b\" data-element_type=\"section\">\n\t\t\t\t\t\t<div class=\"elementor-container elementor-column-gap-extended\">\n\t\t\t\t\t<div class=\"elementor-column elementor-col-16 elementor-top-column elementor-element elementor-element-1e999cc9 sc_content_align_inherit sc_layouts_column_icons_position_left sc_fly_static\" data-id=\"1e999cc9\" data-element_type=\"column\">\n\t\t\t<div class=\"elementor-widget-wrap\">\n\t\t\t\t\t\t\t<\/div>\n\t\t<\/div>\n\t\t\t\t<div class=\"elementor-column elementor-col-66 elementor-top-column elementor-element elementor-element-658bfa9d sc_content_align_inherit sc_layouts_column_icons_position_left sc_fly_static\" data-id=\"658bfa9d\" data-element_type=\"column\">\n\t\t\t<div class=\"elementor-widget-wrap elementor-element-populated\">\n\t\t\t\t\t\t<div class=\"elementor-element elementor-element-19904961 sc_height_large sc_fly_static elementor-widget elementor-widget-spacer\" data-id=\"19904961\" data-element_type=\"widget\" data-widget_type=\"spacer.default\">\n\t\t\t\t<div class=\"elementor-widget-container\">\n\t\t\t\t\t\t\t<div class=\"elementor-spacer\">\n\t\t\t<div class=\"elementor-spacer-inner\"><\/div>\n\t\t<\/div>\n\t\t\t\t\t\t<\/div>\n\t\t\t\t<\/div>\n\t\t\t\t<div class=\"elementor-element elementor-element-4960c510 sc_fly_static elementor-widget elementor-widget-trx_sc_portfolio\" data-id=\"4960c510\" data-element_type=\"widget\" data-widget_type=\"trx_sc_portfolio.default\">\n\t\t\t\t<div class=\"elementor-widget-container\">\n\t\t\t\t\t<div \t\tclass=\"sc_portfolio sc_portfolio_qw-simple\"><div  class=\"sc_portfolio_slider sc_item_slider slider_swiper_outer slider_outer slider_outer_controls slider_outer_controls_outside slider_outer_nopagination slider_outer_nocentered slider_outer_overflow_hidden slider_outer_one\">\n\t<div  data-slides-per-view-breakpoints=\"{&quot;999999&quot;:1}\" data-slides-space-breakpoints=\"{&quot;999999&quot;:0}\" class=\"slider_container swiper-slider-container slider_swiper slider_noresize slider_controls slider_controls_outside slider_nopagination slider_nocentered slider_overflow_hidden slider_one\" data-effect=\"slide\" data-slides-min-width=\"220\" data-pagination=\"bullets\" data-direction=\"horizontal\" data-mouse-wheel=\"1\" data-autoplay=\"0\" data-loop=\"1\" data-free-mode=\"0\" data-slides-centered=\"0\" data-slides-overflow=\"0\">\n\t\t<div class=\"slides slider-wrapper swiper-wrapper sc_item_columns_1\"><div class=\"slider-slide swiper-slide\"><div data-post-id=\"58113\" class=\"sc_portfolio_item sc_item_container post_container\">\n\t<div class=\"post_featured with_thumb hover_link sc_portfolio_item_thumb post_featured_bg\"><span class=\"post_thumb post_thumb_bg bg_in manufactory_inline_1178682894\"><\/span>\t\t\t\t\t\t<div class=\"mask\"><\/div>\n\t\t\t\t\t\t\t\t\t<a href=\"https:\/\/pulvak.com\/ru\/portfolio\/pulvak-seffaf-plv-2001-pulsator\/\"  aria-hidden=\"true\" class=\"link\"><\/a>\n\t\t\t<\/div><div class=\"sc_portfolio_item_content\">\n\t<h5 class=\"post_title\"><a href=\"https:\/\/pulvak.com\/ru\/portfolio\/pulvak-seffaf-plv-2001-pulsator\/\">\u041f\u0443\u043b\u044c\u0432\u0430\u043a \u041f\u0440\u043e\u0437\u0440\u0430\u0447\u043d\u044b\u0439 PLV 2001 \u041f\u0443\u043b\u044c\u0441\u0430\u0442\u043e\u0440<\/a>\n\t\t\t\t\t<span class=\"number\">01<\/span>\n\t\t\t<\/h5>\n<\/div>\n\t\n<\/div><\/div><div class=\"slider-slide swiper-slide\"><div data-post-id=\"57934\" class=\"sc_portfolio_item sc_item_container post_container\">\n\t<div class=\"post_featured with_thumb hover_link sc_portfolio_item_thumb post_featured_bg\"><span class=\"post_thumb post_thumb_bg bg_in manufactory_inline_1179610584\"><\/span>\t\t\t\t\t\t<div class=\"mask\"><\/div>\n\t\t\t\t\t\t\t\t\t<a href=\"https:\/\/pulvak.com\/ru\/portfolio\/pulvak-seffaf-plv-2003-pulsator\/\"  aria-hidden=\"true\" class=\"link\"><\/a>\n\t\t\t<\/div><div class=\"sc_portfolio_item_content\">\n\t<h5 class=\"post_title\"><a href=\"https:\/\/pulvak.com\/ru\/portfolio\/pulvak-seffaf-plv-2003-pulsator\/\">\u041f\u0443\u043b\u044c\u0432\u0430\u043a \u041f\u0440\u043e\u0437\u0440\u0430\u0447\u043d\u044b\u0439 PLV 2003 \u041f\u0443\u043b\u044c\u0441\u0430\u0442\u043e\u0440<\/a>\n\t\t\t\t\t<span class=\"number\">02<\/span>\n\t\t\t<\/h5>\n<\/div>\n\t\n<\/div><\/div><div class=\"slider-slide swiper-slide\"><div data-post-id=\"57929\" class=\"sc_portfolio_item sc_item_container post_container\">\n\t<div class=\"post_featured with_thumb hover_link sc_portfolio_item_thumb post_featured_bg\"><span class=\"post_thumb post_thumb_bg bg_in manufactory_inline_51533621\"><\/span>\t\t\t\t\t\t<div class=\"mask\"><\/div>\n\t\t\t\t\t\t\t\t\t<a href=\"https:\/\/pulvak.com\/ru\/portfolio\/pulvak-seffaf-plv-2002-pulsator\/\"  aria-hidden=\"true\" class=\"link\"><\/a>\n\t\t\t<\/div><div class=\"sc_portfolio_item_content\">\n\t<h5 class=\"post_title\"><a href=\"https:\/\/pulvak.com\/ru\/portfolio\/pulvak-seffaf-plv-2002-pulsator\/\">\u041f\u0443\u043b\u044c\u0432\u0430\u043a \u041f\u0440\u043e\u0437\u0440\u0430\u0447\u043d\u044b\u0439 PLV 2002 \u041f\u0443\u043b\u044c\u0441\u0430\u0442\u043e\u0440<\/a>\n\t\t\t\t\t<span class=\"number\">03<\/span>\n\t\t\t<\/h5>\n<\/div>\n\t\n<\/div><\/div><div class=\"slider-slide swiper-slide\"><div data-post-id=\"1355\" class=\"sc_portfolio_item sc_item_container post_container\">\n\t<div class=\"post_featured with_thumb hover_link sc_portfolio_item_thumb post_featured_bg\"><span class=\"post_thumb post_thumb_bg bg_in manufactory_inline_513240312\"><\/span>\t\t\t\t\t\t<div class=\"mask\"><\/div>\n\t\t\t\t\t\t\t\t\t<a href=\"https:\/\/pulvak.com\/ru\/portfolio\/https-pulvak-com-portfolio-apartment-complex\/\"  aria-hidden=\"true\" class=\"link\"><\/a>\n\t\t\t<\/div><div class=\"sc_portfolio_item_content\">\n\t<h5 class=\"post_title\"><a href=\"https:\/\/pulvak.com\/ru\/portfolio\/https-pulvak-com-portfolio-apartment-complex\/\">\u041f\u0443\u043b\u044c\u0432\u0430\u043a \u0425\u0440\u043e\u043c PLV 1001 \u041f\u0443\u043b\u044c\u0441\u0430\u0442\u043e\u0440<\/a>\n\t\t\t\t\t<span class=\"number\">04<\/span>\n\t\t\t<\/h5>\n<\/div>\n\t\n<\/div><\/div><div class=\"slider-slide swiper-slide\"><div data-post-id=\"1354\" class=\"sc_portfolio_item sc_item_container post_container\">\n\t<div class=\"post_featured with_thumb hover_link sc_portfolio_item_thumb post_featured_bg\"><span class=\"post_thumb post_thumb_bg bg_in manufactory_inline_2046736361\"><\/span>\t\t\t\t\t\t<div class=\"mask\"><\/div>\n\t\t\t\t\t\t\t\t\t<a href=\"https:\/\/pulvak.com\/ru\/portfolio\/pulvak-krom-plv-1002-pulsator\/\"  aria-hidden=\"true\" class=\"link\"><\/a>\n\t\t\t<\/div><div class=\"sc_portfolio_item_content\">\n\t<h5 class=\"post_title\"><a href=\"https:\/\/pulvak.com\/ru\/portfolio\/pulvak-krom-plv-1002-pulsator\/\">\u041f\u0443\u043b\u044c\u0432\u0430\u043a \u0425\u0440\u043e\u043c PLV 1002 \u041f\u0443\u043b\u044c\u0441\u0430\u0442\u043e\u0440<\/a>\n\t\t\t\t\t<span class=\"number\">05<\/span>\n\t\t\t<\/h5>\n<\/div>\n\t\n<\/div><\/div><div class=\"slider-slide swiper-slide\"><div data-post-id=\"1353\" class=\"sc_portfolio_item sc_item_container post_container\">\n\t<div class=\"post_featured with_thumb hover_link sc_portfolio_item_thumb post_featured_bg\"><span class=\"post_thumb post_thumb_bg bg_in manufactory_inline_727426958\"><\/span>\t\t\t\t\t\t<div class=\"mask\"><\/div>\n\t\t\t\t\t\t\t\t\t<a href=\"https:\/\/pulvak.com\/ru\/portfolio\/pulvak-krom-plv-1003-pulsator\/\"  aria-hidden=\"true\" class=\"link\"><\/a>\n\t\t\t<\/div><div class=\"sc_portfolio_item_content\">\n\t<h5 class=\"post_title\"><a href=\"https:\/\/pulvak.com\/ru\/portfolio\/pulvak-krom-plv-1003-pulsator\/\">\u041f\u0443\u043b\u044c\u0432\u0430\u043a \u0425\u0440\u043e\u043c PLV 1003 \u041f\u0443\u043b\u044c\u0441\u0430\u0442\u043e\u0440<\/a>\n\t\t\t\t\t<span class=\"number\">06<\/span>\n\t\t\t<\/h5>\n<\/div>\n\t\n<\/div><\/div><\/div><\/div><div class=\"slider_controls_wrap\"><a class=\"slider_prev swiper-button-prev\" href=\"#\"><\/a><a class=\"slider_next swiper-button-next\" href=\"#\"><\/a><\/div><\/div><\/div>\t\t\t\t<\/div>\n\t\t\t\t<\/div>\n\t\t\t\t<div class=\"elementor-element elementor-element-6fdb971d sc_fly_static elementor-widget elementor-widget-spacer\" data-id=\"6fdb971d\" data-element_type=\"widget\" data-widget_type=\"spacer.default\">\n\t\t\t\t<div class=\"elementor-widget-container\">\n\t\t\t\t\t\t\t<div class=\"elementor-spacer\">\n\t\t\t<div class=\"elementor-spacer-inner\"><\/div>\n\t\t<\/div>\n\t\t\t\t\t\t<\/div>\n\t\t\t\t<\/div>\n\t\t\t\t\t<\/div>\n\t\t<\/div>\n\t\t\t\t<div class=\"elementor-column elementor-col-16 elementor-top-column elementor-element elementor-element-70880b7e sc_content_align_inherit sc_layouts_column_icons_position_left sc_fly_static\" data-id=\"70880b7e\" data-element_type=\"column\">\n\t\t\t<div class=\"elementor-widget-wrap\">\n\t\t\t\t\t\t\t<\/div>\n\t\t<\/div>\n\t\t\t\t\t<\/div>\n\t\t<\/section>\n\t\t\t\t<\/div>","protected":false},"excerpt":{"rendered":"<p>Pulvak \u015eeffaf PLV 2001 Pulsat\u00f6r 01 Pulvak \u015eeffaf PLV 2003 Pulsat\u00f6r 02 Pulvak \u015eeffaf PLV 2002 Pulsat\u00f6r 03 Pulvak Krom PLV 1001 Pulsat\u00f6r 04 Pulvak Krom PLV 1002 Pulsat\u00f6r 05&hellip;<\/p>","protected":false},"author":1,"featured_media":0,"parent":0,"menu_order":0,"comment_status":"closed","ping_status":"closed","template":"","meta":{"footnotes":""},"class_list":["post-18645","page","type-page","status-publish","hentry"],"_links":{"self":[{"href":"https:\/\/pulvak.com\/ru\/wp-json\/wp\/v2\/pages\/18645","targetHints":{"allow":["GET"]}}],"collection":[{"href":"https:\/\/pulvak.com\/ru\/wp-json\/wp\/v2\/pages"}],"about":[{"href":"https:\/\/pulvak.com\/ru\/wp-json\/wp\/v2\/types\/page"}],"author":[{"embeddable":true,"href":"https:\/\/pulvak.com\/ru\/wp-json\/wp\/v2\/users\/1"}],"replies":[{"embeddable":true,"href":"https:\/\/pulvak.com\/ru\/wp-json\/wp\/v2\/comments?post=18645"}],"version-history":[{"count":7,"href":"https:\/\/pulvak.com\/ru\/wp-json\/wp\/v2\/pages\/18645\/revisions"}],"predecessor-version":[{"id":58224,"href":"https:\/\/pulvak.com\/ru\/wp-json\/wp\/v2\/pages\/18645\/revisions\/58224"}],"wp:attachment":[{"href":"https:\/\/pulvak.com\/ru\/wp-json\/wp\/v2\/media?parent=18645"}],"curies":[{"name":"wp","href":"https:\/\/api.w.org\/{rel}","templated":true}]}}