{"id":58391,"date":"2024-10-25T14:39:43","date_gmt":"2024-10-25T11:39:43","guid":{"rendered":"https:\/\/pulvak.com\/?page_id=58391"},"modified":"2026-02-04T13:52:30","modified_gmt":"2026-02-04T10:52:30","slug":"160-cc-yedek-parcalar","status":"publish","type":"page","link":"https:\/\/pulvak.com\/en\/160-cc-yedek-parcalar\/","title":{"rendered":"160 cc Spare Parts"},"content":{"rendered":"<div data-elementor-type=\"wp-page\" data-elementor-id=\"58391\" class=\"elementor elementor-58391\">\n\t\t\t\t\t\t<section class=\"elementor-section elementor-top-section elementor-element elementor-element-183a40e2 elementor-section-full_width elementor-section-height-default elementor-section-height-default sc_fly_static\" data-id=\"183a40e2\" data-element_type=\"section\">\n\t\t\t\t\t\t<div class=\"elementor-container elementor-column-gap-extended\">\n\t\t\t\t\t<div class=\"elementor-column elementor-col-100 elementor-top-column elementor-element elementor-element-2ebf6f1c sc_content_align_inherit sc_layouts_column_icons_position_left sc_fly_static\" data-id=\"2ebf6f1c\" data-element_type=\"column\">\n\t\t\t<div class=\"elementor-widget-wrap elementor-element-populated\">\n\t\t\t\t\t\t<div class=\"elementor-element elementor-element-d7834d4 sc_height_large sc_fly_static elementor-widget elementor-widget-spacer\" data-id=\"d7834d4\" data-element_type=\"widget\" data-widget_type=\"spacer.default\">\n\t\t\t\t<div class=\"elementor-widget-container\">\n\t\t\t\t\t\t\t<div class=\"elementor-spacer\">\n\t\t\t<div class=\"elementor-spacer-inner\"><\/div>\n\t\t<\/div>\n\t\t\t\t\t\t<\/div>\n\t\t\t\t<\/div>\n\t\t\t\t<div class=\"elementor-element elementor-element-675926c6 sc_fly_static elementor-widget elementor-widget-trx_sc_portfolio\" data-id=\"675926c6\" data-element_type=\"widget\" data-widget_type=\"trx_sc_portfolio.default\">\n\t\t\t\t<div class=\"elementor-widget-container\">\n\t\t\t\t\t<div \t\tclass=\"sc_portfolio sc_portfolio_eclipse\"><div class=\"sc_portfolio_columns_wrap sc_item_columns sc_item_posts_container trx_addons_columns_wrap columns_padding_bottom grid_wrap_18\"><div class=\"trx_addons_column-1_3\"><div data-post-id=\"58111\" class=\"sc_portfolio_item sc_item_container post_container\"\n\t\tdata-size=\"1500x1427\"\n\tdata-src=\"https:\/\/pulvak.com\/wp-content\/uploads\/2024\/10\/kelebek-kirmizi.jpg\"\n\t>\n\t<div class=\"post_featured with_thumb hover_info sc_portfolio_item_thumb\"><img fetchpriority=\"high\" decoding=\"async\" width=\"890\" height=\"664\" src=\"https:\/\/pulvak.com\/wp-content\/uploads\/2024\/10\/kelebek-kirmizi-890x664.jpg\" class=\"attachment-manufactory-thumb-square size-manufactory-thumb-square wp-post-image\" alt=\"\" \/>\t\t\t\t\t\t<div class=\"mask\"><\/div>\n\t\t\t\t\t\t<a href=\"https:\/\/pulvak.com\/en\/portfolio\/160-cc-kelebek-kirmizi\/\"><\/a><div class=\"post_info\"><h5 class=\"post_title\"><a href=\"https:\/\/pulvak.com\/en\/portfolio\/160-cc-kelebek-kirmizi\/\">160 cc Red Butterfly<\/a><\/h5><div class=\"post_meta\"><span class=\"post_meta_item post_categories cat_sep\"><a href=\"https:\/\/pulvak.com\/en\/portfolio_group\/160-cc-yedek-parcalar\/\" title=\"View all posts in 160 cc Yedek Par\u00e7alar\">160 cc Spare Parts<\/a><\/span><\/div><\/div><\/div>\t\n<\/div><\/div><div class=\"trx_addons_column-1_3\"><div data-post-id=\"58108\" class=\"sc_portfolio_item sc_item_container post_container\"\n\t\tdata-size=\"1500x1427\"\n\tdata-src=\"https:\/\/pulvak.com\/wp-content\/uploads\/2024\/10\/kelebek-yesil.jpg\"\n\t>\n\t<div class=\"post_featured with_thumb hover_info sc_portfolio_item_thumb\"><img decoding=\"async\" width=\"890\" height=\"664\" src=\"https:\/\/pulvak.com\/wp-content\/uploads\/2024\/10\/kelebek-yesil-890x664.jpg\" class=\"attachment-manufactory-thumb-square size-manufactory-thumb-square wp-post-image\" alt=\"\" \/>\t\t\t\t\t\t<div class=\"mask\"><\/div>\n\t\t\t\t\t\t<a href=\"https:\/\/pulvak.com\/en\/portfolio\/160-cc-kelebek-yesil\/\"><\/a><div class=\"post_info\"><h5 class=\"post_title\"><a href=\"https:\/\/pulvak.com\/en\/portfolio\/160-cc-kelebek-yesil\/\">160 cc Green Butterfly<\/a><\/h5><div class=\"post_meta\"><span class=\"post_meta_item post_categories cat_sep\"><a href=\"https:\/\/pulvak.com\/en\/portfolio_group\/160-cc-yedek-parcalar\/\" title=\"View all posts in 160 cc Yedek Par\u00e7alar\">160 cc Spare Parts<\/a><\/span><\/div><\/div><\/div>\t\n<\/div><\/div><div class=\"trx_addons_column-1_3\"><div data-post-id=\"58106\" class=\"sc_portfolio_item sc_item_container post_container\"\n\t\tdata-size=\"1500x1427\"\n\tdata-src=\"https:\/\/pulvak.com\/wp-content\/uploads\/2024\/10\/kelebek-mavi.jpg\"\n\t>\n\t<div class=\"post_featured with_thumb hover_info sc_portfolio_item_thumb\"><img decoding=\"async\" width=\"890\" height=\"664\" src=\"https:\/\/pulvak.com\/wp-content\/uploads\/2024\/10\/kelebek-mavi-890x664.jpg\" class=\"attachment-manufactory-thumb-square size-manufactory-thumb-square wp-post-image\" alt=\"\" \/>\t\t\t\t\t\t<div class=\"mask\"><\/div>\n\t\t\t\t\t\t<a href=\"https:\/\/pulvak.com\/en\/portfolio\/160-cc-kelebek-mavi\/\"><\/a><div class=\"post_info\"><h5 class=\"post_title\"><a href=\"https:\/\/pulvak.com\/en\/portfolio\/160-cc-kelebek-mavi\/\">160 cc Blue Butterfly<\/a><\/h5><div class=\"post_meta\"><span class=\"post_meta_item post_categories cat_sep\"><a href=\"https:\/\/pulvak.com\/en\/portfolio_group\/160-cc-yedek-parcalar\/\" title=\"View all posts in 160 cc Yedek Par\u00e7alar\">160 cc Spare Parts<\/a><\/span><\/div><\/div><\/div>\t\n<\/div><\/div><div class=\"trx_addons_column-1_3\"><div data-post-id=\"58104\" class=\"sc_portfolio_item sc_item_container post_container\"\n\t\tdata-size=\"1500x1427\"\n\tdata-src=\"https:\/\/pulvak.com\/wp-content\/uploads\/2024\/10\/kelebek-sari.jpg\"\n\t>\n\t<div class=\"post_featured with_thumb hover_info sc_portfolio_item_thumb\"><img loading=\"lazy\" decoding=\"async\" width=\"890\" height=\"664\" src=\"https:\/\/pulvak.com\/wp-content\/uploads\/2024\/10\/kelebek-sari-890x664.jpg\" class=\"attachment-manufactory-thumb-square size-manufactory-thumb-square wp-post-image\" alt=\"\" \/>\t\t\t\t\t\t<div class=\"mask\"><\/div>\n\t\t\t\t\t\t<a href=\"https:\/\/pulvak.com\/en\/portfolio\/160-cc-kelebek-sari\/\"><\/a><div class=\"post_info\"><h5 class=\"post_title\"><a href=\"https:\/\/pulvak.com\/en\/portfolio\/160-cc-kelebek-sari\/\">160 cc Yellow Butterfly<\/a><\/h5><div class=\"post_meta\"><span class=\"post_meta_item post_categories cat_sep\"><a href=\"https:\/\/pulvak.com\/en\/portfolio_group\/160-cc-yedek-parcalar\/\" title=\"View all posts in 160 cc Yedek Par\u00e7alar\">160 cc Spare Parts<\/a><\/span><\/div><\/div><\/div>\t\n<\/div><\/div><div class=\"trx_addons_column-1_3\"><div data-post-id=\"58101\" class=\"sc_portfolio_item sc_item_container post_container\"\n\t\tdata-size=\"1500x1427\"\n\tdata-src=\"https:\/\/pulvak.com\/wp-content\/uploads\/2024\/10\/kelebek-siyah.jpg\"\n\t>\n\t<div class=\"post_featured with_thumb hover_info sc_portfolio_item_thumb\"><img loading=\"lazy\" decoding=\"async\" width=\"890\" height=\"664\" src=\"https:\/\/pulvak.com\/wp-content\/uploads\/2024\/10\/kelebek-siyah-890x664.jpg\" class=\"attachment-manufactory-thumb-square size-manufactory-thumb-square wp-post-image\" alt=\"\" \/>\t\t\t\t\t\t<div class=\"mask\"><\/div>\n\t\t\t\t\t\t<a href=\"https:\/\/pulvak.com\/en\/portfolio\/160-cc-kelebek\/\"><\/a><div class=\"post_info\"><h5 class=\"post_title\"><a href=\"https:\/\/pulvak.com\/en\/portfolio\/160-cc-kelebek\/\">160 cc Butterfly<\/a><\/h5><div class=\"post_meta\"><span class=\"post_meta_item post_categories cat_sep\"><a href=\"https:\/\/pulvak.com\/en\/portfolio_group\/160-cc-yedek-parcalar\/\" title=\"View all posts in 160 cc Yedek Par\u00e7alar\">160 cc Spare Parts<\/a><\/span><\/div><\/div><\/div>\t\n<\/div><\/div><div class=\"trx_addons_column-1_3\"><div data-post-id=\"58099\" class=\"sc_portfolio_item sc_item_container post_container\"\n\t\tdata-size=\"1500x1427\"\n\tdata-src=\"https:\/\/pulvak.com\/wp-content\/uploads\/2024\/10\/koyu-yesil-conta.jpg\"\n\t>\n\t<div class=\"post_featured with_thumb hover_info sc_portfolio_item_thumb\"><img loading=\"lazy\" decoding=\"async\" width=\"890\" height=\"664\" src=\"https:\/\/pulvak.com\/wp-content\/uploads\/2024\/10\/koyu-yesil-conta-890x664.jpg\" class=\"attachment-manufactory-thumb-square size-manufactory-thumb-square wp-post-image\" alt=\"\" \/>\t\t\t\t\t\t<div class=\"mask\"><\/div>\n\t\t\t\t\t\t<a href=\"https:\/\/pulvak.com\/en\/portfolio\/160-cc-conta-koyu-yesil\/\"><\/a><div class=\"post_info\"><h5 class=\"post_title\"><a href=\"https:\/\/pulvak.com\/en\/portfolio\/160-cc-conta-koyu-yesil\/\">160 cc Dark Green Gasket<\/a><\/h5><div class=\"post_meta\"><span class=\"post_meta_item post_categories cat_sep\"><a href=\"https:\/\/pulvak.com\/en\/portfolio_group\/160-cc-yedek-parcalar\/\" title=\"View all posts in 160 cc Yedek Par\u00e7alar\">160 cc Spare Parts<\/a><\/span><\/div><\/div><\/div>\t\n<\/div><\/div><div class=\"trx_addons_column-1_3\"><div data-post-id=\"58097\" class=\"sc_portfolio_item sc_item_container post_container\"\n\t\tdata-size=\"1500x1427\"\n\tdata-src=\"https:\/\/pulvak.com\/wp-content\/uploads\/2024\/10\/koyu-mavi-conta.jpg\"\n\t>\n\t<div class=\"post_featured with_thumb hover_info sc_portfolio_item_thumb\"><img loading=\"lazy\" decoding=\"async\" width=\"890\" height=\"664\" src=\"https:\/\/pulvak.com\/wp-content\/uploads\/2024\/10\/koyu-mavi-conta-890x664.jpg\" class=\"attachment-manufactory-thumb-square size-manufactory-thumb-square wp-post-image\" alt=\"\" \/>\t\t\t\t\t\t<div class=\"mask\"><\/div>\n\t\t\t\t\t\t<a href=\"https:\/\/pulvak.com\/en\/portfolio\/160-cc-conta-koyu-mavi\/\"><\/a><div class=\"post_info\"><h5 class=\"post_title\"><a href=\"https:\/\/pulvak.com\/en\/portfolio\/160-cc-conta-koyu-mavi\/\">160 cc Dark Blue Gasket<\/a><\/h5><div class=\"post_meta\"><span class=\"post_meta_item post_categories cat_sep\"><a href=\"https:\/\/pulvak.com\/en\/portfolio_group\/160-cc-yedek-parcalar\/\" title=\"View all posts in 160 cc Yedek Par\u00e7alar\">160 cc Spare Parts<\/a><\/span><\/div><\/div><\/div>\t\n<\/div><\/div><div class=\"trx_addons_column-1_3\"><div data-post-id=\"58095\" class=\"sc_portfolio_item sc_item_container post_container\"\n\t\tdata-size=\"1500x1427\"\n\tdata-src=\"https:\/\/pulvak.com\/wp-content\/uploads\/2024\/10\/conta-yesil.jpg\"\n\t>\n\t<div class=\"post_featured with_thumb hover_info sc_portfolio_item_thumb\"><img loading=\"lazy\" decoding=\"async\" width=\"890\" height=\"664\" src=\"https:\/\/pulvak.com\/wp-content\/uploads\/2024\/10\/conta-yesil-890x664.jpg\" class=\"attachment-manufactory-thumb-square size-manufactory-thumb-square wp-post-image\" alt=\"\" \/>\t\t\t\t\t\t<div class=\"mask\"><\/div>\n\t\t\t\t\t\t<a href=\"https:\/\/pulvak.com\/en\/portfolio\/160-cc-conta-yesil\/\"><\/a><div class=\"post_info\"><h5 class=\"post_title\"><a href=\"https:\/\/pulvak.com\/en\/portfolio\/160-cc-conta-yesil\/\">160 cc Green Gasket<\/a><\/h5><div class=\"post_meta\"><span class=\"post_meta_item post_categories cat_sep\"><a href=\"https:\/\/pulvak.com\/en\/portfolio_group\/160-cc-yedek-parcalar\/\" title=\"View all posts in 160 cc Yedek Par\u00e7alar\">160 cc Spare Parts<\/a><\/span><\/div><\/div><\/div>\t\n<\/div><\/div><div class=\"trx_addons_column-1_3\"><div data-post-id=\"58093\" class=\"sc_portfolio_item sc_item_container post_container\"\n\t\tdata-size=\"1500x1427\"\n\tdata-src=\"https:\/\/pulvak.com\/wp-content\/uploads\/2024\/10\/conta-kirmizi.jpg\"\n\t>\n\t<div class=\"post_featured with_thumb hover_info sc_portfolio_item_thumb\"><img loading=\"lazy\" decoding=\"async\" width=\"890\" height=\"664\" src=\"https:\/\/pulvak.com\/wp-content\/uploads\/2024\/10\/conta-kirmizi-890x664.jpg\" class=\"attachment-manufactory-thumb-square size-manufactory-thumb-square wp-post-image\" alt=\"\" \/>\t\t\t\t\t\t<div class=\"mask\"><\/div>\n\t\t\t\t\t\t<a href=\"https:\/\/pulvak.com\/en\/portfolio\/160-cc-conta-kirmizi\/\"><\/a><div class=\"post_info\"><h5 class=\"post_title\"><a href=\"https:\/\/pulvak.com\/en\/portfolio\/160-cc-conta-kirmizi\/\">160 cc Red Gasket<\/a><\/h5><div class=\"post_meta\"><span class=\"post_meta_item post_categories cat_sep\"><a href=\"https:\/\/pulvak.com\/en\/portfolio_group\/160-cc-yedek-parcalar\/\" title=\"View all posts in 160 cc Yedek Par\u00e7alar\">160 cc Spare Parts<\/a><\/span><\/div><\/div><\/div>\t\n<\/div><\/div><div class=\"trx_addons_column-1_3\"><div data-post-id=\"58091\" class=\"sc_portfolio_item sc_item_container post_container\"\n\t\tdata-size=\"1500x1427\"\n\tdata-src=\"https:\/\/pulvak.com\/wp-content\/uploads\/2024\/10\/conta-sari.jpg\"\n\t>\n\t<div class=\"post_featured with_thumb hover_info sc_portfolio_item_thumb\"><img loading=\"lazy\" decoding=\"async\" width=\"890\" height=\"664\" src=\"https:\/\/pulvak.com\/wp-content\/uploads\/2024\/10\/conta-sari-890x664.jpg\" class=\"attachment-manufactory-thumb-square size-manufactory-thumb-square wp-post-image\" alt=\"\" \/>\t\t\t\t\t\t<div class=\"mask\"><\/div>\n\t\t\t\t\t\t<a href=\"https:\/\/pulvak.com\/en\/portfolio\/160-cc-conta-sari\/\"><\/a><div class=\"post_info\"><h5 class=\"post_title\"><a href=\"https:\/\/pulvak.com\/en\/portfolio\/160-cc-conta-sari\/\">160 cc Yellow Gasket<\/a><\/h5><div class=\"post_meta\"><span class=\"post_meta_item post_categories cat_sep\"><a href=\"https:\/\/pulvak.com\/en\/portfolio_group\/160-cc-yedek-parcalar\/\" title=\"View all posts in 160 cc Yedek Par\u00e7alar\">160 cc Spare Parts<\/a><\/span><\/div><\/div><\/div>\t\n<\/div><\/div><div class=\"trx_addons_column-1_3\"><div data-post-id=\"58089\" class=\"sc_portfolio_item sc_item_container post_container\"\n\t\tdata-size=\"1500x1427\"\n\tdata-src=\"https:\/\/pulvak.com\/wp-content\/uploads\/2024\/10\/siyah-conta.jpg\"\n\t>\n\t<div class=\"post_featured with_thumb hover_info sc_portfolio_item_thumb\"><img loading=\"lazy\" decoding=\"async\" width=\"890\" height=\"664\" src=\"https:\/\/pulvak.com\/wp-content\/uploads\/2024\/10\/siyah-conta-890x664.jpg\" class=\"attachment-manufactory-thumb-square size-manufactory-thumb-square wp-post-image\" alt=\"\" \/>\t\t\t\t\t\t<div class=\"mask\"><\/div>\n\t\t\t\t\t\t<a href=\"https:\/\/pulvak.com\/en\/portfolio\/160-cc-conta\/\"><\/a><div class=\"post_info\"><h5 class=\"post_title\"><a href=\"https:\/\/pulvak.com\/en\/portfolio\/160-cc-conta\/\">160 cc Gasket<\/a><\/h5><div class=\"post_meta\"><span class=\"post_meta_item post_categories cat_sep\"><a href=\"https:\/\/pulvak.com\/en\/portfolio_group\/160-cc-yedek-parcalar\/\" title=\"View all posts in 160 cc Yedek Par\u00e7alar\">160 cc Spare Parts<\/a><\/span><\/div><\/div><\/div>\t\n<\/div><\/div><div class=\"trx_addons_column-1_3\"><div data-post-id=\"58087\" class=\"sc_portfolio_item sc_item_container post_container\"\n\t\tdata-size=\"1500x1427\"\n\tdata-src=\"https:\/\/pulvak.com\/wp-content\/uploads\/2024\/10\/yesil-top.jpg\"\n\t>\n\t<div class=\"post_featured with_thumb hover_info sc_portfolio_item_thumb\"><img loading=\"lazy\" decoding=\"async\" width=\"890\" height=\"664\" src=\"https:\/\/pulvak.com\/wp-content\/uploads\/2024\/10\/yesil-top-890x664.jpg\" class=\"attachment-manufactory-thumb-square size-manufactory-thumb-square wp-post-image\" alt=\"\" \/>\t\t\t\t\t\t<div class=\"mask\"><\/div>\n\t\t\t\t\t\t<a href=\"https:\/\/pulvak.com\/en\/portfolio\/160-cc-top-yesil\/\"><\/a><div class=\"post_info\"><h5 class=\"post_title\"><a href=\"https:\/\/pulvak.com\/en\/portfolio\/160-cc-top-yesil\/\">160 cc Green Top<\/a><\/h5><div class=\"post_meta\"><span class=\"post_meta_item post_categories cat_sep\"><a href=\"https:\/\/pulvak.com\/en\/portfolio_group\/160-cc-yedek-parcalar\/\" title=\"View all posts in 160 cc Yedek Par\u00e7alar\">160 cc Spare Parts<\/a><\/span><\/div><\/div><\/div>\t\n<\/div><\/div><div class=\"trx_addons_column-1_3\"><div data-post-id=\"58085\" class=\"sc_portfolio_item sc_item_container post_container\"\n\t\tdata-size=\"1500x1427\"\n\tdata-src=\"https:\/\/pulvak.com\/wp-content\/uploads\/2024\/10\/sari-top.jpg\"\n\t>\n\t<div class=\"post_featured with_thumb hover_info sc_portfolio_item_thumb\"><img loading=\"lazy\" decoding=\"async\" width=\"890\" height=\"664\" src=\"https:\/\/pulvak.com\/wp-content\/uploads\/2024\/10\/sari-top-890x664.jpg\" class=\"attachment-manufactory-thumb-square size-manufactory-thumb-square wp-post-image\" alt=\"\" \/>\t\t\t\t\t\t<div class=\"mask\"><\/div>\n\t\t\t\t\t\t<a href=\"https:\/\/pulvak.com\/en\/portfolio\/160-cc-top-sari\/\"><\/a><div class=\"post_info\"><h5 class=\"post_title\"><a href=\"https:\/\/pulvak.com\/en\/portfolio\/160-cc-top-sari\/\">160 cc Yellow Top<\/a><\/h5><div class=\"post_meta\"><span class=\"post_meta_item post_categories cat_sep\"><a href=\"https:\/\/pulvak.com\/en\/portfolio_group\/160-cc-yedek-parcalar\/\" title=\"View all posts in 160 cc Yedek Par\u00e7alar\">160 cc Spare Parts<\/a><\/span><\/div><\/div><\/div>\t\n<\/div><\/div><div class=\"trx_addons_column-1_3\"><div data-post-id=\"58083\" class=\"sc_portfolio_item sc_item_container post_container\"\n\t\tdata-size=\"1500x1427\"\n\tdata-src=\"https:\/\/pulvak.com\/wp-content\/uploads\/2024\/10\/mavi-top.jpg\"\n\t>\n\t<div class=\"post_featured with_thumb hover_info sc_portfolio_item_thumb\"><img loading=\"lazy\" decoding=\"async\" width=\"890\" height=\"664\" src=\"https:\/\/pulvak.com\/wp-content\/uploads\/2024\/10\/mavi-top-890x664.jpg\" class=\"attachment-manufactory-thumb-square size-manufactory-thumb-square wp-post-image\" alt=\"\" \/>\t\t\t\t\t\t<div class=\"mask\"><\/div>\n\t\t\t\t\t\t<a href=\"https:\/\/pulvak.com\/en\/portfolio\/160-cc-top-mavi\/\"><\/a><div class=\"post_info\"><h5 class=\"post_title\"><a href=\"https:\/\/pulvak.com\/en\/portfolio\/160-cc-top-mavi\/\">160 cc Blue Top<\/a><\/h5><div class=\"post_meta\"><span class=\"post_meta_item post_categories cat_sep\"><a href=\"https:\/\/pulvak.com\/en\/portfolio_group\/160-cc-yedek-parcalar\/\" title=\"View all posts in 160 cc Yedek Par\u00e7alar\">160 cc Spare Parts<\/a><\/span><\/div><\/div><\/div>\t\n<\/div><\/div><div class=\"trx_addons_column-1_3\"><div data-post-id=\"58081\" class=\"sc_portfolio_item sc_item_container post_container\"\n\t\tdata-size=\"1500x1427\"\n\tdata-src=\"https:\/\/pulvak.com\/wp-content\/uploads\/2024\/10\/kirmizi-top.jpg\"\n\t>\n\t<div class=\"post_featured with_thumb hover_info sc_portfolio_item_thumb\"><img loading=\"lazy\" decoding=\"async\" width=\"890\" height=\"664\" src=\"https:\/\/pulvak.com\/wp-content\/uploads\/2024\/10\/kirmizi-top-890x664.jpg\" class=\"attachment-manufactory-thumb-square size-manufactory-thumb-square wp-post-image\" alt=\"\" \/>\t\t\t\t\t\t<div class=\"mask\"><\/div>\n\t\t\t\t\t\t<a href=\"https:\/\/pulvak.com\/en\/portfolio\/160-cc-top-kirmizi\/\"><\/a><div class=\"post_info\"><h5 class=\"post_title\"><a href=\"https:\/\/pulvak.com\/en\/portfolio\/160-cc-top-kirmizi\/\">160 cc Red Ball<\/a><\/h5><div class=\"post_meta\"><span class=\"post_meta_item post_categories cat_sep\"><a href=\"https:\/\/pulvak.com\/en\/portfolio_group\/160-cc-yedek-parcalar\/\" title=\"View all posts in 160 cc Yedek Par\u00e7alar\">160 cc Spare Parts<\/a><\/span><\/div><\/div><\/div>\t\n<\/div><\/div><div class=\"trx_addons_column-1_3\"><div data-post-id=\"58078\" class=\"sc_portfolio_item sc_item_container post_container\"\n\t\tdata-size=\"1500x1427\"\n\tdata-src=\"https:\/\/pulvak.com\/wp-content\/uploads\/2024\/10\/siyah-top.jpg\"\n\t>\n\t<div class=\"post_featured with_thumb hover_info sc_portfolio_item_thumb\"><img loading=\"lazy\" decoding=\"async\" width=\"890\" height=\"664\" src=\"https:\/\/pulvak.com\/wp-content\/uploads\/2024\/10\/siyah-top-890x664.jpg\" class=\"attachment-manufactory-thumb-square size-manufactory-thumb-square wp-post-image\" alt=\"\" \/>\t\t\t\t\t\t<div class=\"mask\"><\/div>\n\t\t\t\t\t\t<a href=\"https:\/\/pulvak.com\/en\/portfolio\/160-cc-top\/\"><\/a><div class=\"post_info\"><h5 class=\"post_title\"><a href=\"https:\/\/pulvak.com\/en\/portfolio\/160-cc-top\/\">160 cc Top<\/a><\/h5><div class=\"post_meta\"><span class=\"post_meta_item post_categories cat_sep\"><a href=\"https:\/\/pulvak.com\/en\/portfolio_group\/160-cc-yedek-parcalar\/\" title=\"View all posts in 160 cc Yedek Par\u00e7alar\">160 cc Spare Parts<\/a><\/span><\/div><\/div><\/div>\t\n<\/div><\/div><div class=\"trx_addons_column-1_3\"><div data-post-id=\"58076\" class=\"sc_portfolio_item sc_item_container post_container\"\n\t\tdata-size=\"1500x1427\"\n\tdata-src=\"https:\/\/pulvak.com\/wp-content\/uploads\/2024\/10\/160-cc-alt-takim.jpg\"\n\t>\n\t<div class=\"post_featured with_thumb hover_info sc_portfolio_item_thumb\"><img loading=\"lazy\" decoding=\"async\" width=\"890\" height=\"664\" src=\"https:\/\/pulvak.com\/wp-content\/uploads\/2024\/10\/160-cc-alt-takim-890x664.jpg\" class=\"attachment-manufactory-thumb-square size-manufactory-thumb-square wp-post-image\" alt=\"\" \/>\t\t\t\t\t\t<div class=\"mask\"><\/div>\n\t\t\t\t\t\t<a href=\"https:\/\/pulvak.com\/en\/portfolio\/160-cc-alt-takim\/\"><\/a><div class=\"post_info\"><h5 class=\"post_title\"><a href=\"https:\/\/pulvak.com\/en\/portfolio\/160-cc-alt-takim\/\">160 cc Bottom Assembly<\/a><\/h5><div class=\"post_meta\"><span class=\"post_meta_item post_categories cat_sep\"><a href=\"https:\/\/pulvak.com\/en\/portfolio_group\/160-cc-yedek-parcalar\/\" title=\"View all posts in 160 cc Yedek Par\u00e7alar\">160 cc Spare Parts<\/a><\/span><\/div><\/div><\/div>\t\n<\/div><\/div><div class=\"trx_addons_column-1_3\"><div data-post-id=\"58075\" class=\"sc_portfolio_item sc_item_container post_container\"\n\t\tdata-size=\"1500x1427\"\n\tdata-src=\"https:\/\/pulvak.com\/wp-content\/uploads\/2024\/10\/160-cc-ust-takim.jpg\"\n\t>\n\t<div class=\"post_featured with_thumb hover_info sc_portfolio_item_thumb\"><img loading=\"lazy\" decoding=\"async\" width=\"890\" height=\"664\" src=\"https:\/\/pulvak.com\/wp-content\/uploads\/2024\/10\/160-cc-ust-takim-890x664.jpg\" class=\"attachment-manufactory-thumb-square size-manufactory-thumb-square wp-post-image\" alt=\"\" \/>\t\t\t\t\t\t<div class=\"mask\"><\/div>\n\t\t\t\t\t\t<a href=\"https:\/\/pulvak.com\/en\/portfolio\/160-cc-ust-takim\/\"><\/a><div class=\"post_info\"><h5 class=\"post_title\"><a href=\"https:\/\/pulvak.com\/en\/portfolio\/160-cc-ust-takim\/\">160 cc Upper Assembly<\/a><\/h5><div class=\"post_meta\"><span class=\"post_meta_item post_categories cat_sep\"><a href=\"https:\/\/pulvak.com\/en\/portfolio_group\/160-cc-yedek-parcalar\/\" title=\"View all posts in 160 cc Yedek Par\u00e7alar\">160 cc Spare Parts<\/a><\/span><\/div><\/div><\/div>\t\n<\/div><\/div><\/div><\/div>\t\t\t\t<\/div>\n\t\t\t\t<\/div>\n\t\t\t\t<div class=\"elementor-element elementor-element-4cfbf0c6 sc_height_huge sc_fly_static elementor-widget elementor-widget-spacer\" data-id=\"4cfbf0c6\" data-element_type=\"widget\" data-widget_type=\"spacer.default\">\n\t\t\t\t<div class=\"elementor-widget-container\">\n\t\t\t\t\t\t\t<div class=\"elementor-spacer\">\n\t\t\t<div class=\"elementor-spacer-inner\"><\/div>\n\t\t<\/div>\n\t\t\t\t\t\t<\/div>\n\t\t\t\t<\/div>\n\t\t\t\t\t<\/div>\n\t\t<\/div>\n\t\t\t\t\t<\/div>\n\t\t<\/section>\n\t\t\t\t<\/div>","protected":false},"excerpt":{"rendered":"<p>160 cc Kelebek K\u0131rm\u0131z\u0131 160 cc Yedek Par\u00e7alar 160 cc Kelebek Ye\u015fil 160 cc Yedek Par\u00e7alar mostbet.games Mostbet 27 BetAndreas 1xbet Tunis Mostbet PK SEO para casinos Dragon Money Casino&hellip;<\/p>","protected":false},"author":1,"featured_media":0,"parent":0,"menu_order":0,"comment_status":"closed","ping_status":"closed","template":"","meta":{"footnotes":""},"class_list":["post-58391","page","type-page","status-publish","hentry"],"_links":{"self":[{"href":"https:\/\/pulvak.com\/en\/wp-json\/wp\/v2\/pages\/58391","targetHints":{"allow":["GET"]}}],"collection":[{"href":"https:\/\/pulvak.com\/en\/wp-json\/wp\/v2\/pages"}],"about":[{"href":"https:\/\/pulvak.com\/en\/wp-json\/wp\/v2\/types\/page"}],"author":[{"embeddable":true,"href":"https:\/\/pulvak.com\/en\/wp-json\/wp\/v2\/users\/1"}],"replies":[{"embeddable":true,"href":"https:\/\/pulvak.com\/en\/wp-json\/wp\/v2\/comments?post=58391"}],"version-history":[{"count":5,"href":"https:\/\/pulvak.com\/en\/wp-json\/wp\/v2\/pages\/58391\/revisions"}],"predecessor-version":[{"id":58540,"href":"https:\/\/pulvak.com\/en\/wp-json\/wp\/v2\/pages\/58391\/revisions\/58540"}],"wp:attachment":[{"href":"https:\/\/pulvak.com\/en\/wp-json\/wp\/v2\/media?parent=58391"}],"curies":[{"name":"wp","href":"https:\/\/api.w.org\/{rel}","templated":true}]}}