{"id":58385,"date":"2024-10-25T14:34:22","date_gmt":"2024-10-25T11:34:22","guid":{"rendered":"https:\/\/pulvak.com\/?page_id=58385"},"modified":"2024-10-25T14:37:40","modified_gmt":"2024-10-25T11:37:40","slug":"yedek-parcalar","status":"publish","type":"page","link":"https:\/\/pulvak.com\/en\/yedek-parcalar\/","title":{"rendered":"Spare Parts"},"content":{"rendered":"<div data-elementor-type=\"wp-page\" data-elementor-id=\"58385\" class=\"elementor elementor-58385\">\n\t\t\t\t\t\t<section class=\"elementor-section elementor-top-section elementor-element elementor-element-183a40e2 elementor-section-full_width elementor-section-height-default elementor-section-height-default sc_fly_static\" data-id=\"183a40e2\" data-element_type=\"section\">\n\t\t\t\t\t\t<div class=\"elementor-container elementor-column-gap-extended\">\n\t\t\t\t\t<div class=\"elementor-column elementor-col-100 elementor-top-column elementor-element elementor-element-2ebf6f1c sc_content_align_inherit sc_layouts_column_icons_position_left sc_fly_static\" data-id=\"2ebf6f1c\" data-element_type=\"column\">\n\t\t\t<div class=\"elementor-widget-wrap elementor-element-populated\">\n\t\t\t\t\t\t<div class=\"elementor-element elementor-element-d7834d4 sc_height_large sc_fly_static elementor-widget elementor-widget-spacer\" data-id=\"d7834d4\" data-element_type=\"widget\" data-widget_type=\"spacer.default\">\n\t\t\t\t<div class=\"elementor-widget-container\">\n\t\t\t\t\t\t\t<div class=\"elementor-spacer\">\n\t\t\t<div class=\"elementor-spacer-inner\"><\/div>\n\t\t<\/div>\n\t\t\t\t\t\t<\/div>\n\t\t\t\t<\/div>\n\t\t\t\t<div class=\"elementor-element elementor-element-675926c6 sc_fly_static elementor-widget elementor-widget-trx_sc_portfolio\" data-id=\"675926c6\" data-element_type=\"widget\" data-widget_type=\"trx_sc_portfolio.default\">\n\t\t\t\t<div class=\"elementor-widget-container\">\n\t\t\t\t\t<div \t\tclass=\"sc_portfolio sc_portfolio_fill\"><div class=\"sc_portfolio_columns_wrap sc_item_columns sc_item_posts_container trx_addons_columns_wrap columns_padding_bottom grid_wrap_16\"><div data-post-id=\"58055\" class=\"sc_portfolio_item sc_item_container post_container\"\n\t\tdata-size=\"1500x1427\"\n\tdata-src=\"https:\/\/pulvak.com\/wp-content\/uploads\/2024\/10\/kirmizi-kor-tapa.jpg\"\n\t>\n\t<div class=\"post_featured with_thumb hover_info sc_portfolio_item_thumb post_featured_bg\"><span class=\"post_thumb post_thumb_bg bg_in manufactory_inline_1917561321\"><\/span>\t\t\t\t\t\t<div class=\"mask\"><\/div>\n\t\t\t\t\t\t<a href=\"https:\/\/pulvak.com\/en\/portfolio\/kirmizi-kor-tapa\/\"><\/a><div class=\"post_info\"><h5 class=\"post_title\"><a href=\"https:\/\/pulvak.com\/en\/portfolio\/kirmizi-kor-tapa\/\">Red Blind Plug<\/a><\/h5><div class=\"post_meta\"><span class=\"post_meta_item post_categories cat_sep\"><a href=\"https:\/\/pulvak.com\/en\/portfolio_group\/yedek-parcalar\/\" title=\"View all posts in Yedek Par\u00e7alar\">Spare Parts<\/a><\/span><\/div><\/div><\/div>\t\n<\/div><div data-post-id=\"58053\" class=\"sc_portfolio_item sc_item_container post_container\"\n\t\tdata-size=\"1500x1427\"\n\tdata-src=\"https:\/\/pulvak.com\/wp-content\/uploads\/2024\/10\/kor-tapa-mavi.jpg\"\n\t>\n\t<div class=\"post_featured with_thumb hover_info sc_portfolio_item_thumb post_featured_bg\"><span class=\"post_thumb post_thumb_bg bg_in manufactory_inline_1631997564\"><\/span>\t\t\t\t\t\t<div class=\"mask\"><\/div>\n\t\t\t\t\t\t<a href=\"https:\/\/pulvak.com\/en\/portfolio\/mavi-kor-tapa\/\"><\/a><div class=\"post_info\"><h5 class=\"post_title\"><a href=\"https:\/\/pulvak.com\/en\/portfolio\/mavi-kor-tapa\/\">Blue Blind Cap<\/a><\/h5><div class=\"post_meta\"><span class=\"post_meta_item post_categories cat_sep\"><a href=\"https:\/\/pulvak.com\/en\/portfolio_group\/yedek-parcalar\/\" title=\"View all posts in Yedek Par\u00e7alar\">Spare Parts<\/a><\/span><\/div><\/div><\/div>\t\n<\/div><div data-post-id=\"58051\" class=\"sc_portfolio_item sc_item_container post_container\"\n\t\tdata-size=\"1500x1427\"\n\tdata-src=\"https:\/\/pulvak.com\/wp-content\/uploads\/2024\/10\/kor-tapa-yesil.jpg\"\n\t>\n\t<div class=\"post_featured with_thumb hover_info sc_portfolio_item_thumb post_featured_bg\"><span class=\"post_thumb post_thumb_bg bg_in manufactory_inline_1331017203\"><\/span>\t\t\t\t\t\t<div class=\"mask\"><\/div>\n\t\t\t\t\t\t<a href=\"https:\/\/pulvak.com\/en\/portfolio\/yesil-kor-tapa\/\"><\/a><div class=\"post_info\"><h5 class=\"post_title\"><a href=\"https:\/\/pulvak.com\/en\/portfolio\/yesil-kor-tapa\/\">Green Blind Cap<\/a><\/h5><div class=\"post_meta\"><span class=\"post_meta_item post_categories cat_sep\"><a href=\"https:\/\/pulvak.com\/en\/portfolio_group\/yedek-parcalar\/\" title=\"View all posts in Yedek Par\u00e7alar\">Spare Parts<\/a><\/span><\/div><\/div><\/div>\t\n<\/div><div data-post-id=\"58049\" class=\"sc_portfolio_item sc_item_container post_container\"\n\t\tdata-size=\"1500x1427\"\n\tdata-src=\"https:\/\/pulvak.com\/wp-content\/uploads\/2024\/10\/pulsator-adaptoru.jpg\"\n\t>\n\t<div class=\"post_featured with_thumb hover_info sc_portfolio_item_thumb post_featured_bg\"><span class=\"post_thumb post_thumb_bg bg_in manufactory_inline_1681348268\"><\/span>\t\t\t\t\t\t<div class=\"mask\"><\/div>\n\t\t\t\t\t\t<a href=\"https:\/\/pulvak.com\/en\/portfolio\/pulsator-adaptoru\/\"><\/a><div class=\"post_info\"><h5 class=\"post_title\"><a href=\"https:\/\/pulvak.com\/en\/portfolio\/pulsator-adaptoru\/\">Pulsator Adapter<\/a><\/h5><div class=\"post_meta\"><span class=\"post_meta_item post_categories cat_sep\"><a href=\"https:\/\/pulvak.com\/en\/portfolio_group\/yedek-parcalar\/\" title=\"View all posts in Yedek Par\u00e7alar\">Spare Parts<\/a><\/span><\/div><\/div><\/div>\t\n<\/div><div data-post-id=\"58047\" class=\"sc_portfolio_item sc_item_container post_container\"\n\t\tdata-size=\"1500x1427\"\n\tdata-src=\"https:\/\/pulvak.com\/wp-content\/uploads\/2024\/10\/pulsator-tamir-takimi.jpg\"\n\t>\n\t<div class=\"post_featured with_thumb hover_info sc_portfolio_item_thumb post_featured_bg\"><span class=\"post_thumb post_thumb_bg bg_in manufactory_inline_920141730\"><\/span>\t\t\t\t\t\t<div class=\"mask\"><\/div>\n\t\t\t\t\t\t<a href=\"https:\/\/pulvak.com\/en\/portfolio\/pulsator-tamir-takimi\/\"><\/a><div class=\"post_info\"><h5 class=\"post_title\"><a href=\"https:\/\/pulvak.com\/en\/portfolio\/pulsator-tamir-takimi\/\">Pulsator Repair Kit<\/a><\/h5><div class=\"post_meta\"><span class=\"post_meta_item post_categories cat_sep\"><a href=\"https:\/\/pulvak.com\/en\/portfolio_group\/yedek-parcalar\/\" title=\"View all posts in Yedek Par\u00e7alar\">Spare Parts<\/a><\/span><\/div><\/div><\/div>\t\n<\/div><div data-post-id=\"58045\" class=\"sc_portfolio_item sc_item_container post_container\"\n\t\tdata-size=\"1500x1427\"\n\tdata-src=\"https:\/\/pulvak.com\/wp-content\/uploads\/2024\/10\/uzun-silikon-meme-lastigi.jpg\"\n\t>\n\t<div class=\"post_featured with_thumb hover_info sc_portfolio_item_thumb post_featured_bg\"><span class=\"post_thumb post_thumb_bg bg_in manufactory_inline_788411308\"><\/span>\t\t\t\t\t\t<div class=\"mask\"><\/div>\n\t\t\t\t\t\t<a href=\"https:\/\/pulvak.com\/en\/portfolio\/uzun-silikon-meme-lastigi\/\"><\/a><div class=\"post_info\"><h5 class=\"post_title\"><a href=\"https:\/\/pulvak.com\/en\/portfolio\/uzun-silikon-meme-lastigi\/\">Long Silicone Teat Liner<\/a><\/h5><div class=\"post_meta\"><span class=\"post_meta_item post_categories cat_sep\"><a href=\"https:\/\/pulvak.com\/en\/portfolio_group\/yedek-parcalar\/\" title=\"View all posts in Yedek Par\u00e7alar\">Spare Parts<\/a><\/span><\/div><\/div><\/div>\t\n<\/div><div data-post-id=\"58043\" class=\"sc_portfolio_item sc_item_container post_container\"\n\t\tdata-size=\"1500x1427\"\n\tdata-src=\"https:\/\/pulvak.com\/wp-content\/uploads\/2024\/10\/uzun-kaucuk-meme-lastigi.jpg\"\n\t>\n\t<div class=\"post_featured with_thumb hover_info sc_portfolio_item_thumb post_featured_bg\"><span class=\"post_thumb post_thumb_bg bg_in manufactory_inline_857436600\"><\/span>\t\t\t\t\t\t<div class=\"mask\"><\/div>\n\t\t\t\t\t\t<a href=\"https:\/\/pulvak.com\/en\/portfolio\/uzun-kaucuk-meme-lastigi\/\"><\/a><div class=\"post_info\"><h5 class=\"post_title\"><a href=\"https:\/\/pulvak.com\/en\/portfolio\/uzun-kaucuk-meme-lastigi\/\">Long Rubber Teat Liner<\/a><\/h5><div class=\"post_meta\"><span class=\"post_meta_item post_categories cat_sep\"><a href=\"https:\/\/pulvak.com\/en\/portfolio_group\/yedek-parcalar\/\" title=\"View all posts in Yedek Par\u00e7alar\">Spare Parts<\/a><\/span><\/div><\/div><\/div>\t\n<\/div><div data-post-id=\"58041\" class=\"sc_portfolio_item sc_item_container post_container\"\n\t\tdata-size=\"1500x1427\"\n\tdata-src=\"https:\/\/pulvak.com\/wp-content\/uploads\/2024\/10\/kisa-silikon-meme-lastigi.jpg\"\n\t>\n\t<div class=\"post_featured with_thumb hover_info sc_portfolio_item_thumb post_featured_bg\"><span class=\"post_thumb post_thumb_bg bg_in manufactory_inline_47770478\"><\/span>\t\t\t\t\t\t<div class=\"mask\"><\/div>\n\t\t\t\t\t\t<a href=\"https:\/\/pulvak.com\/en\/portfolio\/kisa-silikon-meme-lastigi\/\"><\/a><div class=\"post_info\"><h5 class=\"post_title\"><a href=\"https:\/\/pulvak.com\/en\/portfolio\/kisa-silikon-meme-lastigi\/\">Short Silicone Teat Liner<\/a><\/h5><div class=\"post_meta\"><span class=\"post_meta_item post_categories cat_sep\"><a href=\"https:\/\/pulvak.com\/en\/portfolio_group\/yedek-parcalar\/\" title=\"View all posts in Yedek Par\u00e7alar\">Spare Parts<\/a><\/span><\/div><\/div><\/div>\t\n<\/div><div data-post-id=\"58039\" class=\"sc_portfolio_item sc_item_container post_container\"\n\t\tdata-size=\"1500x1427\"\n\tdata-src=\"https:\/\/pulvak.com\/wp-content\/uploads\/2024\/10\/kisa-kaucuk-meme-lastigi-siyah.jpg\"\n\t>\n\t<div class=\"post_featured with_thumb hover_info sc_portfolio_item_thumb post_featured_bg\"><span class=\"post_thumb post_thumb_bg bg_in manufactory_inline_546495856\"><\/span>\t\t\t\t\t\t<div class=\"mask\"><\/div>\n\t\t\t\t\t\t<a href=\"https:\/\/pulvak.com\/en\/portfolio\/kisa-kaucuk-meme-lastigi\/\"><\/a><div class=\"post_info\"><h5 class=\"post_title\"><a href=\"https:\/\/pulvak.com\/en\/portfolio\/kisa-kaucuk-meme-lastigi\/\">Short Rubber Teat Liner<\/a><\/h5><div class=\"post_meta\"><span class=\"post_meta_item post_categories cat_sep\"><a href=\"https:\/\/pulvak.com\/en\/portfolio_group\/yedek-parcalar\/\" title=\"View all posts in Yedek Par\u00e7alar\">Spare Parts<\/a><\/span><\/div><\/div><\/div>\t\n<\/div><div data-post-id=\"58037\" class=\"sc_portfolio_item sc_item_container post_container\"\n\t\tdata-size=\"1500x1427\"\n\tdata-src=\"https:\/\/pulvak.com\/wp-content\/uploads\/2024\/10\/uzun-firca.jpg\"\n\t>\n\t<div class=\"post_featured with_thumb hover_info sc_portfolio_item_thumb post_featured_bg\"><span class=\"post_thumb post_thumb_bg bg_in manufactory_inline_1255070817\"><\/span>\t\t\t\t\t\t<div class=\"mask\"><\/div>\n\t\t\t\t\t\t<a href=\"https:\/\/pulvak.com\/en\/portfolio\/uzun-firca\/\"><\/a><div class=\"post_info\"><h5 class=\"post_title\"><a href=\"https:\/\/pulvak.com\/en\/portfolio\/uzun-firca\/\">Long Brush<\/a><\/h5><div class=\"post_meta\"><span class=\"post_meta_item post_categories cat_sep\"><a href=\"https:\/\/pulvak.com\/en\/portfolio_group\/yedek-parcalar\/\" title=\"View all posts in Yedek Par\u00e7alar\">Spare Parts<\/a><\/span><\/div><\/div><\/div>\t\n<\/div><div data-post-id=\"58035\" class=\"sc_portfolio_item sc_item_container post_container\"\n\t\tdata-size=\"1500x1427\"\n\tdata-src=\"https:\/\/pulvak.com\/wp-content\/uploads\/2024\/10\/standart-kisa-firca.jpg\"\n\t>\n\t<div class=\"post_featured with_thumb hover_info sc_portfolio_item_thumb post_featured_bg\"><span class=\"post_thumb post_thumb_bg bg_in manufactory_inline_1881601398\"><\/span>\t\t\t\t\t\t<div class=\"mask\"><\/div>\n\t\t\t\t\t\t<a href=\"https:\/\/pulvak.com\/en\/portfolio\/standart-kisa-firca\/\"><\/a><div class=\"post_info\"><h5 class=\"post_title\"><a href=\"https:\/\/pulvak.com\/en\/portfolio\/standart-kisa-firca\/\">Standard Short Brush<\/a><\/h5><div class=\"post_meta\"><span class=\"post_meta_item post_categories cat_sep\"><a href=\"https:\/\/pulvak.com\/en\/portfolio_group\/yedek-parcalar\/\" title=\"View all posts in Yedek Par\u00e7alar\">Spare Parts<\/a><\/span><\/div><\/div><\/div>\t\n<\/div><div data-post-id=\"58032\" class=\"sc_portfolio_item sc_item_container post_container\"\n\t\tdata-size=\"1500x1427\"\n\tdata-src=\"https:\/\/pulvak.com\/wp-content\/uploads\/2024\/10\/regulator-2.jpg\"\n\t>\n\t<div class=\"post_featured with_thumb hover_info sc_portfolio_item_thumb post_featured_bg\"><span class=\"post_thumb post_thumb_bg bg_in manufactory_inline_827007102\"><\/span>\t\t\t\t\t\t<div class=\"mask\"><\/div>\n\t\t\t\t\t\t<a href=\"https:\/\/pulvak.com\/en\/portfolio\/mavi-regulator\/\"><\/a><div class=\"post_info\"><h5 class=\"post_title\"><a href=\"https:\/\/pulvak.com\/en\/portfolio\/mavi-regulator\/\">Blue Regulator<\/a><\/h5><div class=\"post_meta\"><span class=\"post_meta_item post_categories cat_sep\"><a href=\"https:\/\/pulvak.com\/en\/portfolio_group\/yedek-parcalar\/\" title=\"View all posts in Yedek Par\u00e7alar\">Spare Parts<\/a><\/span><\/div><\/div><\/div>\t\n<\/div><div data-post-id=\"58030\" class=\"sc_portfolio_item sc_item_container post_container\"\n\t\tdata-size=\"1500x1427\"\n\tdata-src=\"https:\/\/pulvak.com\/wp-content\/uploads\/2024\/10\/regulator-1.jpg\"\n\t>\n\t<div class=\"post_featured with_thumb hover_info sc_portfolio_item_thumb post_featured_bg\"><span class=\"post_thumb post_thumb_bg bg_in manufactory_inline_1352001460\"><\/span>\t\t\t\t\t\t<div class=\"mask\"><\/div>\n\t\t\t\t\t\t<a href=\"https:\/\/pulvak.com\/en\/portfolio\/regulator\/\"><\/a><div class=\"post_info\"><h5 class=\"post_title\"><a href=\"https:\/\/pulvak.com\/en\/portfolio\/regulator\/\">Black Regulator<\/a><\/h5><div class=\"post_meta\"><span class=\"post_meta_item post_categories cat_sep\"><a href=\"https:\/\/pulvak.com\/en\/portfolio_group\/yedek-parcalar\/\" title=\"View all posts in Yedek Par\u00e7alar\">Spare Parts<\/a><\/span><\/div><\/div><\/div>\t\n<\/div><div data-post-id=\"58028\" class=\"sc_portfolio_item sc_item_container post_container\"\n\t\tdata-size=\"1500x1427\"\n\tdata-src=\"https:\/\/pulvak.com\/wp-content\/uploads\/2024\/10\/tekli-sut-hortumu.jpg\"\n\t>\n\t<div class=\"post_featured with_thumb hover_info sc_portfolio_item_thumb post_featured_bg\"><span class=\"post_thumb post_thumb_bg bg_in manufactory_inline_1850901434\"><\/span>\t\t\t\t\t\t<div class=\"mask\"><\/div>\n\t\t\t\t\t\t<a href=\"https:\/\/pulvak.com\/en\/portfolio\/tekli-sut-hortumu\/\"><\/a><div class=\"post_info\"><h5 class=\"post_title\"><a href=\"https:\/\/pulvak.com\/en\/portfolio\/tekli-sut-hortumu\/\">Single Milk Hose<\/a><\/h5><div class=\"post_meta\"><span class=\"post_meta_item post_categories cat_sep\"><a href=\"https:\/\/pulvak.com\/en\/portfolio_group\/yedek-parcalar\/\" title=\"View all posts in Yedek Par\u00e7alar\">Spare Parts<\/a><\/span><\/div><\/div><\/div>\t\n<\/div><div data-post-id=\"58025\" class=\"sc_portfolio_item sc_item_container post_container\"\n\t\tdata-size=\"1500x1427\"\n\tdata-src=\"https:\/\/pulvak.com\/wp-content\/uploads\/2024\/10\/2-nabiz-hortumu-.jpg\"\n\t>\n\t<div class=\"post_featured with_thumb hover_info sc_portfolio_item_thumb post_featured_bg\"><span class=\"post_thumb post_thumb_bg bg_in manufactory_inline_209622110\"><\/span>\t\t\t\t\t\t<div class=\"mask\"><\/div>\n\t\t\t\t\t\t<a href=\"https:\/\/pulvak.com\/en\/portfolio\/2li-nabiz-hortumu\/\"><\/a><div class=\"post_info\"><h5 class=\"post_title\"><a href=\"https:\/\/pulvak.com\/en\/portfolio\/2li-nabiz-hortumu\/\">Double Pulse Hose<\/a><\/h5><div class=\"post_meta\"><span class=\"post_meta_item post_categories cat_sep\"><a href=\"https:\/\/pulvak.com\/en\/portfolio_group\/yedek-parcalar\/\" title=\"View all posts in Yedek Par\u00e7alar\">Spare Parts<\/a><\/span><\/div><\/div><\/div>\t\n<\/div><div data-post-id=\"58023\" class=\"sc_portfolio_item sc_item_container post_container\"\n\t\tdata-size=\"1500x1427\"\n\tdata-src=\"https:\/\/pulvak.com\/wp-content\/uploads\/2024\/10\/3-sut-hortumu.jpg\"\n\t>\n\t<div class=\"post_featured with_thumb hover_info sc_portfolio_item_thumb post_featured_bg\"><span class=\"post_thumb post_thumb_bg bg_in manufactory_inline_380020717\"><\/span>\t\t\t\t\t\t<div class=\"mask\"><\/div>\n\t\t\t\t\t\t<a href=\"https:\/\/pulvak.com\/en\/portfolio\/3lu-sut-hortumu\/\"><\/a><div class=\"post_info\"><h5 class=\"post_title\"><a href=\"https:\/\/pulvak.com\/en\/portfolio\/3lu-sut-hortumu\/\">Triple Milk Hose<\/a><\/h5><div class=\"post_meta\"><span class=\"post_meta_item post_categories cat_sep\"><a href=\"https:\/\/pulvak.com\/en\/portfolio_group\/yedek-parcalar\/\" title=\"View all posts in Yedek Par\u00e7alar\">Spare Parts<\/a><\/span><\/div><\/div><\/div>\t\n<\/div><\/div><nav class=\"sc_portfolio_pagination sc_item_pagination sc_item_pagination_advanced_pages navigation pagination  sc_align_none\" data-params=\"a:91:{s:3:&quot;cat&quot;;s:3:&quot;210&quot;;s:7:&quot;columns&quot;;i:3;s:18:&quot;columns_widescreen&quot;;s:0:&quot;&quot;;s:14:&quot;columns_laptop&quot;;s:0:&quot;&quot;;s:20:&quot;columns_tablet_extra&quot;;s:0:&quot;&quot;;s:14:&quot;columns_tablet&quot;;s:0:&quot;&quot;;s:20:&quot;columns_mobile_extra&quot;;s:0:&quot;&quot;;s:14:&quot;columns_mobile&quot;;s:0:&quot;&quot;;s:5:&quot;count&quot;;i:16;s:6:&quot;offset&quot;;i:0;s:7:&quot;orderby&quot;;s:9:&quot;post_date&quot;;s:5:&quot;order&quot;;s:4:&quot;desc&quot;;s:3:&quot;ids&quot;;s:0:&quot;&quot;;s:6:&quot;slider&quot;;b:0;s:13:&quot;slider_effect&quot;;s:5:&quot;slide&quot;;s:17:&quot;slider_pagination&quot;;s:4:&quot;none&quot;;s:22:&quot;slider_pagination_type&quot;;s:7:&quot;bullets&quot;;s:24:&quot;slider_pagination_thumbs&quot;;i:0;s:15:&quot;slider_controls&quot;;s:4:&quot;none&quot;;s:12:&quot;slides_space&quot;;i:0;s:15:&quot;slides_centered&quot;;s:0:&quot;&quot;;s:15:&quot;slides_overflow&quot;;s:0:&quot;&quot;;s:18:&quot;slider_mouse_wheel&quot;;s:0:&quot;&quot;;s:15:&quot;slider_autoplay&quot;;s:1:&quot;1&quot;;s:11:&quot;slider_loop&quot;;s:1:&quot;1&quot;;s:16:&quot;slider_free_mode&quot;;s:0:&quot;&quot;;s:5:&quot;title&quot;;s:0:&quot;&quot;;s:11:&quot;title_align&quot;;s:4:&quot;none&quot;;s:11:&quot;title_style&quot;;s:7:&quot;default&quot;;s:9:&quot;title_tag&quot;;s:4:&quot;none&quot;;s:11:&quot;title_color&quot;;s:0:&quot;&quot;;s:12:&quot;title_color2&quot;;s:0:&quot;&quot;;s:13:&quot;gradient_fill&quot;;s:5:&quot;block&quot;;s:18:&quot;gradient_direction&quot;;s:1:&quot;0&quot;;s:18:&quot;title_border_color&quot;;s:0:&quot;&quot;;s:18:&quot;title_border_width&quot;;s:0:&quot;&quot;;s:14:&quot;title_bg_image&quot;;s:0:&quot;&quot;;s:6:&quot;title2&quot;;s:0:&quot;&quot;;s:12:&quot;title2_color&quot;;s:0:&quot;&quot;;s:13:&quot;title2_color2&quot;;s:0:&quot;&quot;;s:14:&quot;gradient_fill2&quot;;s:5:&quot;block&quot;;s:19:&quot;gradient_direction2&quot;;s:1:&quot;0&quot;;s:19:&quot;title2_border_color&quot;;s:0:&quot;&quot;;s:19:&quot;title2_border_width&quot;;s:0:&quot;&quot;;s:15:&quot;title2_bg_image&quot;;s:0:&quot;&quot;;s:8:&quot;subtitle&quot;;s:0:&quot;&quot;;s:14:&quot;subtitle_align&quot;;s:4:&quot;none&quot;;s:17:&quot;subtitle_position&quot;;s:5:&quot;above&quot;;s:14:&quot;subtitle_color&quot;;s:0:&quot;&quot;;s:11:&quot;description&quot;;s:0:&quot;&quot;;s:17:&quot;description_color&quot;;s:0:&quot;&quot;;s:4:&quot;link&quot;;s:0:&quot;&quot;;s:10:&quot;link_style&quot;;s:7:&quot;default&quot;;s:9:&quot;link_size&quot;;s:6:&quot;normal&quot;;s:10:&quot;link_image&quot;;s:0:&quot;&quot;;s:9:&quot;link_text&quot;;s:0:&quot;&quot;;s:10:&quot;new_window&quot;;i:0;s:5:&quot;typed&quot;;s:0:&quot;&quot;;s:13:&quot;typed_strings&quot;;s:0:&quot;&quot;;s:10:&quot;typed_loop&quot;;s:1:&quot;1&quot;;s:12:&quot;typed_cursor&quot;;s:1:&quot;1&quot;;s:17:&quot;typed_cursor_char&quot;;s:1:&quot;_&quot;;s:11:&quot;typed_color&quot;;s:0:&quot;&quot;;s:11:&quot;typed_speed&quot;;s:1:&quot;6&quot;;s:11:&quot;typed_delay&quot;;s:1:&quot;1&quot;;s:2:&quot;id&quot;;s:0:&quot;&quot;;s:5:&quot;class&quot;;s:0:&quot;&quot;;s:9:&quot;className&quot;;s:0:&quot;&quot;;s:3:&quot;css&quot;;s:0:&quot;&quot;;s:4:&quot;type&quot;;s:4:&quot;fill&quot;;s:9:&quot;more_text&quot;;s:13:&quot;Find out More&quot;;s:10:&quot;pagination&quot;;s:14:&quot;advanced_pages&quot;;s:9:&quot;no_margin&quot;;s:0:&quot;&quot;;s:4:&quot;page&quot;;i:1;s:13:&quot;posts_exclude&quot;;s:0:&quot;&quot;;s:11:&quot;use_masonry&quot;;s:0:&quot;&quot;;s:11:&quot;use_gallery&quot;;s:0:&quot;&quot;;s:13:&quot;columns_extra&quot;;a:3:{s:4:&quot;unit&quot;;s:2:&quot;px&quot;;s:4:&quot;size&quot;;i:3;s:5:&quot;sizes&quot;;a:0:{}}s:11:&quot;count_extra&quot;;a:3:{s:4:&quot;unit&quot;;s:2:&quot;px&quot;;s:4:&quot;size&quot;;i:16;s:5:&quot;sizes&quot;;a:0:{}}s:12:&quot;offset_extra&quot;;a:3:{s:4:&quot;unit&quot;;s:2:&quot;px&quot;;s:4:&quot;size&quot;;i:0;s:5:&quot;sizes&quot;;a:0:{}}s:18:&quot;slides_space_extra&quot;;a:3:{s:4:&quot;unit&quot;;s:2:&quot;px&quot;;s:4:&quot;size&quot;;i:0;s:5:&quot;sizes&quot;;a:0:{}}s:24:&quot;gradient_direction_extra&quot;;a:3:{s:4:&quot;unit&quot;;s:2:&quot;px&quot;;s:4:&quot;size&quot;;i:0;s:5:&quot;sizes&quot;;a:0:{}}s:17:&quot;typed_speed_extra&quot;;a:3:{s:4:&quot;unit&quot;;s:2:&quot;px&quot;;s:4:&quot;size&quot;;i:6;s:5:&quot;sizes&quot;;a:0:{}}s:17:&quot;typed_delay_extra&quot;;a:3:{s:4:&quot;unit&quot;;s:2:&quot;px&quot;;s:4:&quot;size&quot;;i:1;s:5:&quot;sizes&quot;;a:0:{}}s:25:&quot;gradient_direction2_extra&quot;;a:3:{s:4:&quot;unit&quot;;s:2:&quot;px&quot;;s:4:&quot;size&quot;;i:0;s:5:&quot;sizes&quot;;a:0:{}}s:10:&quot;link_extra&quot;;a:4:{s:3:&quot;url&quot;;s:0:&quot;&quot;;s:11:&quot;is_external&quot;;s:0:&quot;&quot;;s:8:&quot;nofollow&quot;;s:0:&quot;&quot;;s:17:&quot;custom_attributes&quot;;s:0:&quot;&quot;;}s:16:&quot;link_image_extra&quot;;a:3:{s:3:&quot;url&quot;;s:0:&quot;&quot;;s:2:&quot;id&quot;;s:0:&quot;&quot;;s:4:&quot;size&quot;;s:0:&quot;&quot;;}s:6:&quot;scheme&quot;;s:0:&quot;&quot;;s:11:&quot;color_style&quot;;s:7:&quot;default&quot;;s:11:&quot;item_number&quot;;i:16;s:2:&quot;sc&quot;;s:12:&quot;sc_portfolio&quot;;}\" role=\"navigation\">\n\t\t\t<div class=\"nav-links\"><span class=\"page-numbers current\">1<\/span><a href=\"#\" class=\"page-numbers\" data-page=\"2\">2<\/a><a href=\"#\" class=\"page-numbers next\" data-page=\"2\" title=\"Next page\">Next<\/a><a href=\"#\" class=\"page-numbers last\" data-page=\"2\" title=\"Last page\">Last<\/a><\/div><span class=\"page-numbers page-count\">Page 1 of 2<\/span><\/nav><\/div>\t\t\t\t<\/div>\n\t\t\t\t<\/div>\n\t\t\t\t<div class=\"elementor-element elementor-element-4cfbf0c6 sc_height_huge sc_fly_static elementor-widget elementor-widget-spacer\" data-id=\"4cfbf0c6\" data-element_type=\"widget\" data-widget_type=\"spacer.default\">\n\t\t\t\t<div class=\"elementor-widget-container\">\n\t\t\t\t\t\t\t<div class=\"elementor-spacer\">\n\t\t\t<div class=\"elementor-spacer-inner\"><\/div>\n\t\t<\/div>\n\t\t\t\t\t\t<\/div>\n\t\t\t\t<\/div>\n\t\t\t\t\t<\/div>\n\t\t<\/div>\n\t\t\t\t\t<\/div>\n\t\t<\/section>\n\t\t\t\t<\/div>","protected":false},"excerpt":{"rendered":"<p>K\u0131rm\u0131z\u0131 K\u00f6r Tapa Yedek Par\u00e7alar Mavi K\u00f6r Tapa Yedek Par\u00e7alar Ye\u015fil K\u00f6r Tapa Yedek Par\u00e7alar Pulsat\u00f6r Adapt\u00f6r\u00fc Yedek Par\u00e7alar Pulsat\u00f6r Tamir Tak\u0131m\u0131 Yedek Par\u00e7alar Uzun Silikon Meme Lasti\u011fi Yedek Par\u00e7alar&hellip;<\/p>","protected":false},"author":1,"featured_media":0,"parent":0,"menu_order":0,"comment_status":"closed","ping_status":"closed","template":"","meta":{"footnotes":""},"class_list":["post-58385","page","type-page","status-publish","hentry"],"_links":{"self":[{"href":"https:\/\/pulvak.com\/en\/wp-json\/wp\/v2\/pages\/58385","targetHints":{"allow":["GET"]}}],"collection":[{"href":"https:\/\/pulvak.com\/en\/wp-json\/wp\/v2\/pages"}],"about":[{"href":"https:\/\/pulvak.com\/en\/wp-json\/wp\/v2\/types\/page"}],"author":[{"embeddable":true,"href":"https:\/\/pulvak.com\/en\/wp-json\/wp\/v2\/users\/1"}],"replies":[{"embeddable":true,"href":"https:\/\/pulvak.com\/en\/wp-json\/wp\/v2\/comments?post=58385"}],"version-history":[{"count":4,"href":"https:\/\/pulvak.com\/en\/wp-json\/wp\/v2\/pages\/58385\/revisions"}],"predecessor-version":[{"id":58389,"href":"https:\/\/pulvak.com\/en\/wp-json\/wp\/v2\/pages\/58385\/revisions\/58389"}],"wp:attachment":[{"href":"https:\/\/pulvak.com\/en\/wp-json\/wp\/v2\/media?parent=58385"}],"curies":[{"name":"wp","href":"https:\/\/api.w.org\/{rel}","templated":true}]}}