{"id":58379,"date":"2024-10-25T14:27:11","date_gmt":"2024-10-25T11:27:11","guid":{"rendered":"https:\/\/pulvak.com\/?page_id=58379"},"modified":"2024-10-25T14:29:47","modified_gmt":"2024-10-25T11:29:47","slug":"gugum-kapaklari","status":"publish","type":"page","link":"https:\/\/pulvak.com\/en\/gugum-kapaklari\/","title":{"rendered":"Milk Can Lids"},"content":{"rendered":"<div data-elementor-type=\"wp-page\" data-elementor-id=\"58379\" class=\"elementor elementor-58379\">\n\t\t\t\t\t\t<section class=\"elementor-section elementor-top-section elementor-element elementor-element-183a40e2 elementor-section-full_width elementor-section-height-default elementor-section-height-default sc_fly_static\" data-id=\"183a40e2\" data-element_type=\"section\">\n\t\t\t\t\t\t<div class=\"elementor-container elementor-column-gap-extended\">\n\t\t\t\t\t<div class=\"elementor-column elementor-col-100 elementor-top-column elementor-element elementor-element-2ebf6f1c sc_content_align_inherit sc_layouts_column_icons_position_left sc_fly_static\" data-id=\"2ebf6f1c\" data-element_type=\"column\">\n\t\t\t<div class=\"elementor-widget-wrap elementor-element-populated\">\n\t\t\t\t\t\t<div class=\"elementor-element elementor-element-d7834d4 sc_height_large sc_fly_static elementor-widget elementor-widget-spacer\" data-id=\"d7834d4\" data-element_type=\"widget\" data-widget_type=\"spacer.default\">\n\t\t\t\t<div class=\"elementor-widget-container\">\n\t\t\t\t\t\t\t<div class=\"elementor-spacer\">\n\t\t\t<div class=\"elementor-spacer-inner\"><\/div>\n\t\t<\/div>\n\t\t\t\t\t\t<\/div>\n\t\t\t\t<\/div>\n\t\t\t\t<div class=\"elementor-element elementor-element-675926c6 sc_fly_static elementor-widget elementor-widget-trx_sc_portfolio\" data-id=\"675926c6\" data-element_type=\"widget\" data-widget_type=\"trx_sc_portfolio.default\">\n\t\t\t\t<div class=\"elementor-widget-container\">\n\t\t\t\t\t<div \t\tclass=\"sc_portfolio sc_portfolio_qw-chess\"><div class=\"sc_portfolio_columns_wrap sc_item_columns sc_item_posts_container trx_addons_columns_wrap columns_padding_bottom grid_wrap_4\"><div class=\"trx_addons_column-1_2\"><div data-post-id=\"57926\" class=\"sc_portfolio_item sc_item_container post_container\">\n\t<div class=\"post_featured with_thumb hover_link sc_portfolio_item_thumb\"><img fetchpriority=\"high\" decoding=\"async\" width=\"1500\" height=\"1427\" src=\"https:\/\/pulvak.com\/wp-content\/uploads\/2024\/10\/conta-1.jpg\" class=\"attachment-manufactory-thumb-manufactorymasonry-big size-manufactory-thumb-manufactorymasonry-big wp-post-image\" alt=\"\" srcset=\"https:\/\/pulvak.com\/wp-content\/uploads\/2024\/10\/conta-1.jpg 1500w, https:\/\/pulvak.com\/wp-content\/uploads\/2024\/10\/conta-1-600x571.jpg 600w, https:\/\/pulvak.com\/wp-content\/uploads\/2024\/10\/conta-1-300x285.jpg 300w, https:\/\/pulvak.com\/wp-content\/uploads\/2024\/10\/conta-1-1024x974.jpg 1024w, https:\/\/pulvak.com\/wp-content\/uploads\/2024\/10\/conta-1-768x731.jpg 768w, https:\/\/pulvak.com\/wp-content\/uploads\/2024\/10\/conta-1-13x12.jpg 13w, https:\/\/pulvak.com\/wp-content\/uploads\/2024\/10\/conta-1-370x352.jpg 370w, https:\/\/pulvak.com\/wp-content\/uploads\/2024\/10\/conta-1-840x799.jpg 840w, https:\/\/pulvak.com\/wp-content\/uploads\/2024\/10\/conta-1-410x390.jpg 410w\" sizes=\"(max-width: 1500px) 100vw, 1500px\" \/>\t\t\t\t\t\t<div class=\"mask\"><\/div>\n\t\t\t\t\t\t\t\t\t<a href=\"https:\/\/pulvak.com\/en\/portfolio\/30lt-40lt-gugum-kapagi-contasi\/\"  aria-hidden=\"true\" class=\"link\"><\/a>\n\t\t\t<\/div><div class=\"sc_portfolio_item_content\">\n\t<h5 class=\"post_title\"><a href=\"https:\/\/pulvak.com\/en\/portfolio\/30lt-40lt-gugum-kapagi-contasi\/\">30lt - 40lt Bucket Gasket<\/a><\/h5>\n<\/div>\n\t\n<\/div><\/div><div class=\"trx_addons_column-1_2\"><div data-post-id=\"57923\" class=\"sc_portfolio_item sc_item_container post_container\">\n\t<div class=\"post_featured with_thumb hover_link sc_portfolio_item_thumb\"><img decoding=\"async\" width=\"1500\" height=\"1427\" src=\"https:\/\/pulvak.com\/wp-content\/uploads\/2024\/10\/gugum-kapagi-4.jpg\" class=\"attachment-manufactory-thumb-manufactorymasonry-big size-manufactory-thumb-manufactorymasonry-big wp-post-image\" alt=\"\" srcset=\"https:\/\/pulvak.com\/wp-content\/uploads\/2024\/10\/gugum-kapagi-4.jpg 1500w, https:\/\/pulvak.com\/wp-content\/uploads\/2024\/10\/gugum-kapagi-4-300x285.jpg 300w, https:\/\/pulvak.com\/wp-content\/uploads\/2024\/10\/gugum-kapagi-4-1024x974.jpg 1024w, https:\/\/pulvak.com\/wp-content\/uploads\/2024\/10\/gugum-kapagi-4-768x731.jpg 768w, https:\/\/pulvak.com\/wp-content\/uploads\/2024\/10\/gugum-kapagi-4-13x12.jpg 13w, https:\/\/pulvak.com\/wp-content\/uploads\/2024\/10\/gugum-kapagi-4-370x352.jpg 370w, https:\/\/pulvak.com\/wp-content\/uploads\/2024\/10\/gugum-kapagi-4-840x799.jpg 840w, https:\/\/pulvak.com\/wp-content\/uploads\/2024\/10\/gugum-kapagi-4-410x390.jpg 410w, https:\/\/pulvak.com\/wp-content\/uploads\/2024\/10\/gugum-kapagi-4-600x571.jpg 600w\" sizes=\"(max-width: 1500px) 100vw, 1500px\" \/>\t\t\t\t\t\t<div class=\"mask\"><\/div>\n\t\t\t\t\t\t\t\t\t<a href=\"https:\/\/pulvak.com\/en\/portfolio\/40lt-gugum-kapagi\/\"  aria-hidden=\"true\" class=\"link\"><\/a>\n\t\t\t<\/div><div class=\"sc_portfolio_item_content\">\n\t<h5 class=\"post_title\"><a href=\"https:\/\/pulvak.com\/en\/portfolio\/40lt-gugum-kapagi\/\">40lt Bucket Lid<\/a><\/h5>\n<\/div>\n\t\n<\/div><\/div><div class=\"trx_addons_column-1_2\"><div data-post-id=\"57925\" class=\"sc_portfolio_item sc_item_container post_container\">\n\t<div class=\"post_featured with_thumb hover_link sc_portfolio_item_thumb\"><img decoding=\"async\" width=\"1500\" height=\"1427\" src=\"https:\/\/pulvak.com\/wp-content\/uploads\/2024\/10\/gugum-kapagi-2.jpg\" class=\"attachment-manufactory-thumb-manufactorymasonry-big size-manufactory-thumb-manufactorymasonry-big wp-post-image\" alt=\"\" srcset=\"https:\/\/pulvak.com\/wp-content\/uploads\/2024\/10\/gugum-kapagi-2.jpg 1500w, https:\/\/pulvak.com\/wp-content\/uploads\/2024\/10\/gugum-kapagi-2-600x571.jpg 600w, https:\/\/pulvak.com\/wp-content\/uploads\/2024\/10\/gugum-kapagi-2-300x285.jpg 300w, https:\/\/pulvak.com\/wp-content\/uploads\/2024\/10\/gugum-kapagi-2-1024x974.jpg 1024w, https:\/\/pulvak.com\/wp-content\/uploads\/2024\/10\/gugum-kapagi-2-768x731.jpg 768w, https:\/\/pulvak.com\/wp-content\/uploads\/2024\/10\/gugum-kapagi-2-13x12.jpg 13w, https:\/\/pulvak.com\/wp-content\/uploads\/2024\/10\/gugum-kapagi-2-370x352.jpg 370w, https:\/\/pulvak.com\/wp-content\/uploads\/2024\/10\/gugum-kapagi-2-840x799.jpg 840w, https:\/\/pulvak.com\/wp-content\/uploads\/2024\/10\/gugum-kapagi-2-410x390.jpg 410w\" sizes=\"(max-width: 1500px) 100vw, 1500px\" \/>\t\t\t\t\t\t<div class=\"mask\"><\/div>\n\t\t\t\t\t\t\t\t\t<a href=\"https:\/\/pulvak.com\/en\/portfolio\/30lt-gugum-kapagi-3-girisli\/\"  aria-hidden=\"true\" class=\"link\"><\/a>\n\t\t\t<\/div><div class=\"sc_portfolio_item_content\">\n\t<h5 class=\"post_title\"><a href=\"https:\/\/pulvak.com\/en\/portfolio\/30lt-gugum-kapagi-3-girisli\/\">30lt Bucket Lid ( 3 Inlets )<\/a><\/h5>\n<\/div>\n\t\n<\/div><\/div><div class=\"trx_addons_column-1_2\"><div data-post-id=\"57920\" class=\"sc_portfolio_item sc_item_container post_container\">\n\t<div class=\"post_featured with_thumb hover_link sc_portfolio_item_thumb\"><img loading=\"lazy\" decoding=\"async\" width=\"1500\" height=\"1427\" src=\"https:\/\/pulvak.com\/wp-content\/uploads\/2024\/10\/gugum-kapagi-2.jpg\" class=\"attachment-manufactory-thumb-manufactorymasonry-big size-manufactory-thumb-manufactorymasonry-big wp-post-image\" alt=\"\" srcset=\"https:\/\/pulvak.com\/wp-content\/uploads\/2024\/10\/gugum-kapagi-2.jpg 1500w, https:\/\/pulvak.com\/wp-content\/uploads\/2024\/10\/gugum-kapagi-2-600x571.jpg 600w, https:\/\/pulvak.com\/wp-content\/uploads\/2024\/10\/gugum-kapagi-2-300x285.jpg 300w, https:\/\/pulvak.com\/wp-content\/uploads\/2024\/10\/gugum-kapagi-2-1024x974.jpg 1024w, https:\/\/pulvak.com\/wp-content\/uploads\/2024\/10\/gugum-kapagi-2-768x731.jpg 768w, https:\/\/pulvak.com\/wp-content\/uploads\/2024\/10\/gugum-kapagi-2-13x12.jpg 13w, https:\/\/pulvak.com\/wp-content\/uploads\/2024\/10\/gugum-kapagi-2-370x352.jpg 370w, https:\/\/pulvak.com\/wp-content\/uploads\/2024\/10\/gugum-kapagi-2-840x799.jpg 840w, https:\/\/pulvak.com\/wp-content\/uploads\/2024\/10\/gugum-kapagi-2-410x390.jpg 410w\" sizes=\"(max-width: 1500px) 100vw, 1500px\" \/>\t\t\t\t\t\t<div class=\"mask\"><\/div>\n\t\t\t\t\t\t\t\t\t<a href=\"https:\/\/pulvak.com\/en\/portfolio\/30lt-gugum-kapagi-2-girisli\/\"  aria-hidden=\"true\" class=\"link\"><\/a>\n\t\t\t<\/div><div class=\"sc_portfolio_item_content\">\n\t<h5 class=\"post_title\"><a href=\"https:\/\/pulvak.com\/en\/portfolio\/30lt-gugum-kapagi-2-girisli\/\">30lt Bucket Lid ( 2 Inlets )<\/a><\/h5>\n<\/div>\n\t\n<\/div><\/div><\/div><\/div>\t\t\t\t<\/div>\n\t\t\t\t<\/div>\n\t\t\t\t<div class=\"elementor-element elementor-element-4cfbf0c6 sc_height_huge sc_fly_static elementor-widget elementor-widget-spacer\" data-id=\"4cfbf0c6\" data-element_type=\"widget\" data-widget_type=\"spacer.default\">\n\t\t\t\t<div class=\"elementor-widget-container\">\n\t\t\t\t\t\t\t<div class=\"elementor-spacer\">\n\t\t\t<div class=\"elementor-spacer-inner\"><\/div>\n\t\t<\/div>\n\t\t\t\t\t\t<\/div>\n\t\t\t\t<\/div>\n\t\t\t\t\t<\/div>\n\t\t<\/div>\n\t\t\t\t\t<\/div>\n\t\t<\/section>\n\t\t\t\t<\/div>","protected":false},"excerpt":{"rendered":"<p>30lt &#8211; 40lt G\u00fc\u011f\u00fcm Kapa\u011f\u0131 Contas\u0131 40lt G\u00fc\u011f\u00fcm Kapa\u011f\u0131 30lt G\u00fc\u011f\u00fcm Kapa\u011f\u0131 ( 3 Giri\u015fli ) 30lt G\u00fc\u011f\u00fcm Kapa\u011f\u0131 ( 2 Giri\u015fli )<\/p>","protected":false},"author":1,"featured_media":0,"parent":0,"menu_order":0,"comment_status":"closed","ping_status":"closed","template":"","meta":{"footnotes":""},"class_list":["post-58379","page","type-page","status-publish","hentry"],"_links":{"self":[{"href":"https:\/\/pulvak.com\/en\/wp-json\/wp\/v2\/pages\/58379","targetHints":{"allow":["GET"]}}],"collection":[{"href":"https:\/\/pulvak.com\/en\/wp-json\/wp\/v2\/pages"}],"about":[{"href":"https:\/\/pulvak.com\/en\/wp-json\/wp\/v2\/types\/page"}],"author":[{"embeddable":true,"href":"https:\/\/pulvak.com\/en\/wp-json\/wp\/v2\/users\/1"}],"replies":[{"embeddable":true,"href":"https:\/\/pulvak.com\/en\/wp-json\/wp\/v2\/comments?post=58379"}],"version-history":[{"count":4,"href":"https:\/\/pulvak.com\/en\/wp-json\/wp\/v2\/pages\/58379\/revisions"}],"predecessor-version":[{"id":58383,"href":"https:\/\/pulvak.com\/en\/wp-json\/wp\/v2\/pages\/58379\/revisions\/58383"}],"wp:attachment":[{"href":"https:\/\/pulvak.com\/en\/wp-json\/wp\/v2\/media?parent=58379"}],"curies":[{"name":"wp","href":"https:\/\/api.w.org\/{rel}","templated":true}]}}