{"id":18638,"date":"2024-01-01T13:55:47","date_gmt":"2024-01-01T13:55:47","guid":{"rendered":"https:\/\/pulvak.com\/?page_id=18638"},"modified":"2024-10-25T12:15:45","modified_gmt":"2024-10-25T09:15:45","slug":"iletisim","status":"publish","type":"page","link":"https:\/\/pulvak.com\/en\/iletisim\/","title":{"rendered":"Communication"},"content":{"rendered":"<div data-elementor-type=\"wp-page\" data-elementor-id=\"18638\" class=\"elementor elementor-18638\">\n\t\t\t\t\t\t<section class=\"elementor-section elementor-top-section elementor-element elementor-element-bd12afe elementor-section-boxed elementor-section-height-default elementor-section-height-default sc_fly_static\" data-id=\"bd12afe\" data-element_type=\"section\">\n\t\t\t\t\t\t<div class=\"elementor-container elementor-column-gap-extended\">\n\t\t\t\t\t<div class=\"elementor-column elementor-col-100 elementor-top-column elementor-element elementor-element-57412a2 sc_content_align_inherit sc_layouts_column_icons_position_left sc_fly_static\" data-id=\"57412a2\" data-element_type=\"column\">\n\t\t\t<div class=\"elementor-widget-wrap elementor-element-populated\">\n\t\t\t\t\t\t<div class=\"elementor-element elementor-element-41b1d77 sc_height_huge sc_fly_static elementor-widget elementor-widget-spacer\" data-id=\"41b1d77\" data-element_type=\"widget\" data-widget_type=\"spacer.default\">\n\t\t\t\t<div class=\"elementor-widget-container\">\n\t\t\t\t\t\t\t<div class=\"elementor-spacer\">\n\t\t\t<div class=\"elementor-spacer-inner\"><\/div>\n\t\t<\/div>\n\t\t\t\t\t\t<\/div>\n\t\t\t\t<\/div>\n\t\t\t\t\t<\/div>\n\t\t<\/div>\n\t\t\t\t\t<\/div>\n\t\t<\/section>\n\t\t\t\t<section class=\"elementor-section elementor-top-section elementor-element elementor-element-8d02842 elementor-section-boxed elementor-section-height-default elementor-section-height-default sc_fly_static\" data-id=\"8d02842\" data-element_type=\"section\">\n\t\t\t\t\t\t<div class=\"elementor-container elementor-column-gap-extended\">\n\t\t\t\t\t<div class=\"elementor-column elementor-col-50 elementor-top-column elementor-element elementor-element-e0c33ed sc_content_align_inherit sc_layouts_column_icons_position_left sc_fly_static\" data-id=\"e0c33ed\" data-element_type=\"column\">\n\t\t\t<div class=\"elementor-widget-wrap elementor-element-populated\">\n\t\t\t\t\t\t<div class=\"elementor-element elementor-element-f3f0c13 elementor-widget__width-initial sc_fly_static elementor-widget elementor-widget-trx_sc_title\" data-id=\"f3f0c13\" data-element_type=\"widget\" data-widget_type=\"trx_sc_title.default\">\n\t\t\t\t<div class=\"elementor-widget-container\">\n\t\t\t\t\t<div\t\tclass=\"sc_title sc_title_default\" ><h1 class=\"sc_item_title sc_title_title sc_item_title_style_default sc_item_title_tag\"\n\t\t\t><span class=\"sc_item_title_text\">Contact us<\/span><\/h1><div class=\"sc_item_descr sc_title_descr\"><p>For any questions or requests, please contact us. We will be happy to assist you!<\/p>\n<\/div><\/div>\t\t\t\t<\/div>\n\t\t\t\t<\/div>\n\t\t\t\t<div class=\"elementor-element elementor-element-052c842 sc_fly_static elementor-widget elementor-widget-spacer\" data-id=\"052c842\" data-element_type=\"widget\" data-widget_type=\"spacer.default\">\n\t\t\t\t<div class=\"elementor-widget-container\">\n\t\t\t\t\t\t\t<div class=\"elementor-spacer\">\n\t\t\t<div class=\"elementor-spacer-inner\"><\/div>\n\t\t<\/div>\n\t\t\t\t\t\t<\/div>\n\t\t\t\t<\/div>\n\t\t\t\t<div class=\"elementor-element elementor-element-d25fce4 sc_fly_static elementor-widget elementor-widget-trx_sc_icons\" data-id=\"d25fce4\" data-element_type=\"widget\" data-widget_type=\"trx_sc_icons.default\">\n\t\t\t\t<div class=\"elementor-widget-container\">\n\t\t\t\t\t<div \tclass=\"sc_icons color_style_link2 sc_icons_simple sc_icons_size_small sc_align_none\" ><div class=\"sc_icons_item with_more\"><div class=\"sc_icons_icon sc_icon_type_ icon-marker\" ><span class=\"sc_icon_type_ icon-marker\"><\/span><\/div><div class=\"sc_icons_item_details\"><div class=\"sc_icons_item_description\"><span>Horozluhan Mh. Zafer Sanayi Y\u00fcr\u00fcy\u00fc\u015f Sk. No: 14 Sel\u00e7uklu\/Konya<\/span><\/div><\/div><\/div><div class=\"sc_icons_item sc_icons_item_linked with_more\"><div class=\"sc_icons_icon sc_icon_type_ icon-iphone\" ><span class=\"sc_icon_type_ icon-iphone\"><\/span><\/div><div class=\"sc_icons_item_details\"><a href=\"tel:05069031484\" class=\"sc_icons_item_more_link\">\n                        <span class=\"link_text\">+90 506 903 14 84<\/span><span class=\"link_icon\"><\/span>\n                        <\/a><a href=\"tel:05069031484\"\n                        class=\"sc_icons_item_link\">\n                        <\/a><\/div><\/div><div class=\"sc_icons_item with_more\"><div class=\"sc_icons_icon sc_icon_type_ icon-envelope-2\" ><span class=\"sc_icon_type_ icon-envelope-2\"><\/span><\/div><div class=\"sc_icons_item_details\"><div class=\"sc_icons_item_description\"><span>iletisim@pulvak.com \/ export@pulvak.com<\/span><\/div><\/div><\/div><\/div><!-- \/.sc_icons -->\t\t\t\t<\/div>\n\t\t\t\t<\/div>\n\t\t\t\t\t<\/div>\n\t\t<\/div>\n\t\t\t\t<div class=\"elementor-column elementor-col-50 elementor-top-column elementor-element elementor-element-e959607 sc_content_align_inherit sc_layouts_column_icons_position_left sc_fly_static\" data-id=\"e959607\" data-element_type=\"column\">\n\t\t\t<div class=\"elementor-widget-wrap elementor-element-populated\">\n\t\t\t\t\t\t<div class=\"elementor-element elementor-element-b0356bc sc_fly_static elementor-widget elementor-widget-trx_sc_googlemap\" data-id=\"b0356bc\" data-element_type=\"widget\" data-widget_type=\"trx_sc_googlemap.default\">\n\t\t\t\t<div class=\"elementor-widget-container\">\n\t\t\t\t\t<div id=\"sc_googlemap_1173162625_wrap\" class=\"sc_googlemap_wrap\"><div id=\"sc_googlemap_1173162625\"\t\t\tclass=\"sc_item_content sc_map sc_googlemap sc_googlemap_default trx_addons_inline_1392711565\"\n\t\t\t \t\t\tdata-zoom=\"12\"\n\t\t\tdata-center=\"\"\n\t\t\tdata-style=\"extra\"\n\t\t\tdata-cluster-icon=\"\"\n\t\t\t><iframe\n\t\t\t\t\t\tsrc=\"https:\/\/maps.google.com\/maps?t=m&output=embed&iwloc=near&z=12&q=37.93716705674168%2C+32.51759598509971\"\n\t\t\t\t\t\taria-label=\"\"><\/iframe><\/div><\/div>\t\t\t\t<\/div>\n\t\t\t\t<\/div>\n\t\t\t\t\t<\/div>\n\t\t<\/div>\n\t\t\t\t\t<\/div>\n\t\t<\/section>\n\t\t\t\t<section class=\"elementor-section elementor-top-section elementor-element elementor-element-ff063f8 elementor-section-boxed elementor-section-height-default elementor-section-height-default sc_fly_static\" data-id=\"ff063f8\" data-element_type=\"section\">\n\t\t\t\t\t\t<div class=\"elementor-container elementor-column-gap-extended\">\n\t\t\t\t\t<div class=\"elementor-column elementor-col-100 elementor-top-column elementor-element elementor-element-05ab748 sc_content_align_inherit sc_layouts_column_icons_position_left sc_fly_static\" data-id=\"05ab748\" data-element_type=\"column\">\n\t\t\t<div class=\"elementor-widget-wrap elementor-element-populated\">\n\t\t\t\t\t\t<div class=\"elementor-element elementor-element-54dc955 sc_height_huge sc_fly_static elementor-widget elementor-widget-spacer\" data-id=\"54dc955\" data-element_type=\"widget\" data-widget_type=\"spacer.default\">\n\t\t\t\t<div class=\"elementor-widget-container\">\n\t\t\t\t\t\t\t<div class=\"elementor-spacer\">\n\t\t\t<div class=\"elementor-spacer-inner\"><\/div>\n\t\t<\/div>\n\t\t\t\t\t\t<\/div>\n\t\t\t\t<\/div>\n\t\t\t\t\t<\/div>\n\t\t<\/div>\n\t\t\t\t\t<\/div>\n\t\t<\/section>\n\t\t\t\t<\/div>","protected":false},"excerpt":{"rendered":"<p>Bizimle ileti\u015fime ge\u00e7in Sorular\u0131n\u0131z veya talepleriniz i\u00e7in bizimle ileti\u015fime ge\u00e7in. Size yard\u0131mc\u0131 olmaktan mutluluk duyar\u0131z! Horozluhan Mh. Zafer Sanayi Y\u00fcr\u00fcy\u00fc\u015f Sk. No: 14 Sel\u00e7uklu\/Konya +90 506 903 14 84 iletisim@pulvak.com&hellip;<\/p>","protected":false},"author":1,"featured_media":0,"parent":0,"menu_order":0,"comment_status":"closed","ping_status":"closed","template":"","meta":{"footnotes":""},"class_list":["post-18638","page","type-page","status-publish","hentry"],"_links":{"self":[{"href":"https:\/\/pulvak.com\/en\/wp-json\/wp\/v2\/pages\/18638","targetHints":{"allow":["GET"]}}],"collection":[{"href":"https:\/\/pulvak.com\/en\/wp-json\/wp\/v2\/pages"}],"about":[{"href":"https:\/\/pulvak.com\/en\/wp-json\/wp\/v2\/types\/page"}],"author":[{"embeddable":true,"href":"https:\/\/pulvak.com\/en\/wp-json\/wp\/v2\/users\/1"}],"replies":[{"embeddable":true,"href":"https:\/\/pulvak.com\/en\/wp-json\/wp\/v2\/comments?post=18638"}],"version-history":[{"count":20,"href":"https:\/\/pulvak.com\/en\/wp-json\/wp\/v2\/pages\/18638\/revisions"}],"predecessor-version":[{"id":58348,"href":"https:\/\/pulvak.com\/en\/wp-json\/wp\/v2\/pages\/18638\/revisions\/58348"}],"wp:attachment":[{"href":"https:\/\/pulvak.com\/en\/wp-json\/wp\/v2\/media?parent=18638"}],"curies":[{"name":"wp","href":"https:\/\/api.w.org\/{rel}","templated":true}]}}