{"id":18614,"date":"2024-01-01T17:21:38","date_gmt":"2024-01-01T17:21:38","guid":{"rendered":"https:\/\/pulvak.com\/?page_id=18614"},"modified":"2024-12-10T21:11:56","modified_gmt":"2024-12-10T18:11:56","slug":"medya","status":"publish","type":"page","link":"https:\/\/pulvak.com\/en\/medya\/","title":{"rendered":"Media"},"content":{"rendered":"<div data-elementor-type=\"wp-page\" data-elementor-id=\"18614\" class=\"elementor elementor-18614\">\n\t\t\t\t\t\t<section class=\"elementor-section elementor-top-section elementor-element elementor-element-5d36df0 elementor-section-boxed elementor-section-height-default elementor-section-height-default sc_fly_static\" data-id=\"5d36df0\" data-element_type=\"section\">\n\t\t\t\t\t\t<div class=\"elementor-container elementor-column-gap-extended\">\n\t\t\t\t\t<div class=\"elementor-column elementor-col-100 elementor-top-column elementor-element elementor-element-d19605d sc_content_align_inherit sc_layouts_column_icons_position_left sc_fly_static\" data-id=\"d19605d\" data-element_type=\"column\">\n\t\t\t<div class=\"elementor-widget-wrap elementor-element-populated\">\n\t\t\t\t\t\t<div class=\"elementor-element elementor-element-299da07 sc_height_huge sc_fly_static elementor-widget elementor-widget-spacer\" data-id=\"299da07\" data-element_type=\"widget\" data-widget_type=\"spacer.default\">\n\t\t\t\t<div class=\"elementor-widget-container\">\n\t\t\t\t\t\t\t<div class=\"elementor-spacer\">\n\t\t\t<div class=\"elementor-spacer-inner\"><\/div>\n\t\t<\/div>\n\t\t\t\t\t\t<\/div>\n\t\t\t\t<\/div>\n\t\t\t\t\t<\/div>\n\t\t<\/div>\n\t\t\t\t\t<\/div>\n\t\t<\/section>\n\t\t\t\t<section class=\"elementor-section elementor-top-section elementor-element elementor-element-3b9ea1a8 elementor-section-content-middle elementor-section-boxed elementor-section-height-default elementor-section-height-default sc_fly_static\" data-id=\"3b9ea1a8\" data-element_type=\"section\">\n\t\t\t\t\t\t<div class=\"elementor-container elementor-column-gap-extended\">\n\t\t\t\t\t<div class=\"elementor-column elementor-col-50 elementor-top-column elementor-element elementor-element-25e5c9af sc_content_align_inherit sc_layouts_column_icons_position_left sc_fly_static\" data-id=\"25e5c9af\" data-element_type=\"column\">\n\t\t\t<div class=\"elementor-widget-wrap elementor-element-populated\">\n\t\t\t\t\t\t<section class=\"elementor-section elementor-inner-section elementor-element elementor-element-19d6e388 elementor-section-boxed elementor-section-height-default elementor-section-height-default sc_fly_static\" data-id=\"19d6e388\" data-element_type=\"section\">\n\t\t\t\t\t\t<div class=\"elementor-container elementor-column-gap-no\">\n\t\t\t\t\t<div class=\"elementor-column elementor-col-50 elementor-inner-column elementor-element elementor-element-6ed331a0 sc_content_align_inherit sc_layouts_column_icons_position_left sc_fly_static\" data-id=\"6ed331a0\" data-element_type=\"column\">\n\t\t\t<div class=\"elementor-widget-wrap elementor-element-populated\">\n\t\t\t\t\t\t<div class=\"elementor-element elementor-element-3112ed36 sc_layouts_hide_on_mobile sc_fly_static elementor-widget elementor-widget-spacer\" data-id=\"3112ed36\" data-element_type=\"widget\" data-widget_type=\"spacer.default\">\n\t\t\t\t<div class=\"elementor-widget-container\">\n\t\t\t\t\t\t\t<div class=\"elementor-spacer\">\n\t\t\t<div class=\"elementor-spacer-inner\"><\/div>\n\t\t<\/div>\n\t\t\t\t\t\t<\/div>\n\t\t\t\t<\/div>\n\t\t\t\t<div class=\"elementor-element elementor-element-36218c98 no-title sc_fly_static elementor-widget elementor-widget-image\" data-id=\"36218c98\" data-element_type=\"widget\" data-widget_type=\"image.default\">\n\t\t\t\t<div class=\"elementor-widget-container\">\n\t\t\t\t\t\t\t\t\t\t\t\t\t\t\t<img decoding=\"async\" src=\"https:\/\/pulvak.com\/wp-content\/uploads\/elementor\/thumbs\/pulvak-katalog-qw13wylt3q8c6gzn9rucb97oz11bbsn4gtmxjl5186.jpg\" title=\"pulvak-katalog\" alt=\"pulvak-katalog\" loading=\"lazy\" \/>\t\t\t\t\t\t\t\t\t\t\t\t\t\t\t<\/div>\n\t\t\t\t<\/div>\n\t\t\t\t<div class=\"elementor-element elementor-element-161f143 sc_height_large sc_layouts_hide_on_mobile sc_fly_static elementor-widget elementor-widget-spacer\" data-id=\"161f143\" data-element_type=\"widget\" data-widget_type=\"spacer.default\">\n\t\t\t\t<div class=\"elementor-widget-container\">\n\t\t\t\t\t\t\t<div class=\"elementor-spacer\">\n\t\t\t<div class=\"elementor-spacer-inner\"><\/div>\n\t\t<\/div>\n\t\t\t\t\t\t<\/div>\n\t\t\t\t<\/div>\n\t\t\t\t\t<\/div>\n\t\t<\/div>\n\t\t\t\t<div class=\"elementor-column elementor-col-50 elementor-inner-column elementor-element elementor-element-35355d52 sc_content_align_inherit sc_layouts_column_icons_position_left sc_fly_static\" data-id=\"35355d52\" data-element_type=\"column\">\n\t\t\t<div class=\"elementor-widget-wrap\">\n\t\t\t\t\t\t\t<\/div>\n\t\t<\/div>\n\t\t\t\t\t<\/div>\n\t\t<\/section>\n\t\t\t\t\t<\/div>\n\t\t<\/div>\n\t\t\t\t<div class=\"elementor-column elementor-col-50 elementor-top-column elementor-element elementor-element-79d57fa0 sc_content_align_inherit sc_layouts_column_icons_position_left sc_fly_static\" data-id=\"79d57fa0\" data-element_type=\"column\">\n\t\t\t<div class=\"elementor-widget-wrap elementor-element-populated\">\n\t\t\t\t\t\t<div class=\"elementor-element elementor-element-6aae70bf sc_fly_static elementor-widget elementor-widget-trx_sc_title\" data-id=\"6aae70bf\" data-element_type=\"widget\" data-widget_type=\"trx_sc_title.default\">\n\t\t\t\t<div class=\"elementor-widget-container\">\n\t\t\t\t\t<div\t\tclass=\"sc_title sc_title_default\" ><h1 class=\"sc_item_title sc_title_title sc_item_title_style_default sc_item_title_tag\"\n\t\t\t><span class=\"sc_item_title_text\">Discover Our Product Catalog<\/span><\/h1><div class=\"sc_item_descr sc_title_descr\"><p>You can review our most up-to-date product catalog. You can find detailed information about our innovative milking equipment here.<\/p>\n<\/div><\/div>\t\t\t\t<\/div>\n\t\t\t\t<\/div>\n\t\t\t\t<div class=\"elementor-element elementor-element-2b68236b sc_fly_static elementor-widget elementor-widget-spacer\" data-id=\"2b68236b\" data-element_type=\"widget\" data-widget_type=\"spacer.default\">\n\t\t\t\t<div class=\"elementor-widget-container\">\n\t\t\t\t\t\t\t<div class=\"elementor-spacer\">\n\t\t\t<div class=\"elementor-spacer-inner\"><\/div>\n\t\t<\/div>\n\t\t\t\t\t\t<\/div>\n\t\t\t\t<\/div>\n\t\t\t\t<div class=\"elementor-element elementor-element-afd86be sc_fly_static elementor-widget elementor-widget-trx_sc_button\" data-id=\"afd86be\" data-element_type=\"widget\" data-widget_type=\"trx_sc_button.default\">\n\t\t\t\t<div class=\"elementor-widget-container\">\n\t\t\t\t\t<div\tclass=\"sc_item_button sc_button_wrap\" ><a href=\"https:\/\/drive.google.com\/file\/d\/1K5Ddn5OWAzE2aQE2SMvyCRnXx0nEcgAm\/view?usp=drive_link\" class=\"sc_button sc_button_default sc_button_size_normal sc_button_icon_left color_style_link2\" target=\"_blank\" rel=\"noopener\"><span class=\"sc_button_text\"><span class=\"sc_button_title\">Review the catalog<\/span><\/span><\/a><\/div>\t\t\t\t<\/div>\n\t\t\t\t<\/div>\n\t\t\t\t\t<\/div>\n\t\t<\/div>\n\t\t\t\t\t<\/div>\n\t\t<\/section>\n\t\t\t\t<section class=\"elementor-section elementor-top-section elementor-element elementor-element-8f058c2 elementor-section-boxed elementor-section-height-default elementor-section-height-default sc_fly_static\" data-id=\"8f058c2\" data-element_type=\"section\">\n\t\t\t\t\t\t<div class=\"elementor-container elementor-column-gap-extended\">\n\t\t\t\t\t<div class=\"elementor-column elementor-col-100 elementor-top-column elementor-element elementor-element-890b84b sc_content_align_inherit sc_layouts_column_icons_position_left sc_fly_static\" data-id=\"890b84b\" data-element_type=\"column\">\n\t\t\t<div class=\"elementor-widget-wrap elementor-element-populated\">\n\t\t\t\t\t\t<div class=\"elementor-element elementor-element-ca9c219 sc_height_huge sc_fly_static elementor-widget elementor-widget-spacer\" data-id=\"ca9c219\" data-element_type=\"widget\" data-widget_type=\"spacer.default\">\n\t\t\t\t<div class=\"elementor-widget-container\">\n\t\t\t\t\t\t\t<div class=\"elementor-spacer\">\n\t\t\t<div class=\"elementor-spacer-inner\"><\/div>\n\t\t<\/div>\n\t\t\t\t\t\t<\/div>\n\t\t\t\t<\/div>\n\t\t\t\t\t<\/div>\n\t\t<\/div>\n\t\t\t\t\t<\/div>\n\t\t<\/section>\n\t\t<div class=\"elementor-element elementor-element-55e478e e-flex e-con-boxed sc_layouts_column_icons_position_left e-con e-parent\" data-id=\"55e478e\" data-element_type=\"container\">\n\t\t\t\t\t<div class=\"e-con-inner\">\n\t\t\t\t<div class=\"elementor-element elementor-element-12117f4 sc_fly_static elementor-widget elementor-widget-shortcode\" data-id=\"12117f4\" data-element_type=\"widget\" data-widget_type=\"shortcode.default\">\n\t\t\t\t<div class=\"elementor-widget-container\">\n\t\t\t\t\t\t\t<div class=\"elementor-shortcode\"><div class=\"_df_book df-lite\" id=\"df_58496\"  _slug=\"pulvak-catalog-english\" data-title=\"pulvak-catalog-english\" wpoptions=\"true\" thumb=\"https:\/\/pulvak.com\/wp-content\/uploads\/2024\/12\/KAPAK.png\" thumbtype=\"\" ><\/div><script class=\"df-shortcode-script\" nowprocket type=\"application\/javascript\">window.option_df_58496 = {\"outline\":[],\"autoEnableOutline\":\"false\",\"autoEnableThumbnail\":\"false\",\"overwritePDFOutline\":\"false\",\"backgroundImage\":\"https:\\\/\\\/pulvak.com\\\/wp-content\\\/uploads\\\/2024\\\/12\\\/arkaplan-beyaz.png\",\"direction\":\"1\",\"pageSize\":\"0\",\"source\":\"https:\\\/\\\/pulvak.com\\\/wp-content\\\/uploads\\\/2024\\\/12\\\/Pulvak-Catalog-English.pdf\",\"wpOptions\":\"true\"}; if(window.DFLIP && window.DFLIP.parseBooks){window.DFLIP.parseBooks();}<\/script><\/div>\n\t\t\t\t\t\t<\/div>\n\t\t\t\t<\/div>\n\t\t\t\t\t<\/div>\n\t\t\t\t<\/div>\n\t\t\t\t<\/div>","protected":false},"excerpt":{"rendered":"<p>\u00dcr\u00fcn Katalo\u011fumuzu Ke\u015ffedin En g\u00fcncel \u00fcr\u00fcn katalo\u011fumuzu inceleyebilirsiniz. Yenilik\u00e7i s\u00fct sa\u011f\u0131m ekipmanlar\u0131m\u0131z hakk\u0131nda detayl\u0131 bilgiye buradan ula\u015fabilirsiniz. katalo\u011fu incele<\/p>","protected":false},"author":1,"featured_media":0,"parent":0,"menu_order":0,"comment_status":"closed","ping_status":"closed","template":"","meta":{"footnotes":""},"class_list":["post-18614","page","type-page","status-publish","hentry"],"_links":{"self":[{"href":"https:\/\/pulvak.com\/en\/wp-json\/wp\/v2\/pages\/18614","targetHints":{"allow":["GET"]}}],"collection":[{"href":"https:\/\/pulvak.com\/en\/wp-json\/wp\/v2\/pages"}],"about":[{"href":"https:\/\/pulvak.com\/en\/wp-json\/wp\/v2\/types\/page"}],"author":[{"embeddable":true,"href":"https:\/\/pulvak.com\/en\/wp-json\/wp\/v2\/users\/1"}],"replies":[{"embeddable":true,"href":"https:\/\/pulvak.com\/en\/wp-json\/wp\/v2\/comments?post=18614"}],"version-history":[{"count":13,"href":"https:\/\/pulvak.com\/en\/wp-json\/wp\/v2\/pages\/18614\/revisions"}],"predecessor-version":[{"id":58501,"href":"https:\/\/pulvak.com\/en\/wp-json\/wp\/v2\/pages\/18614\/revisions\/58501"}],"wp:attachment":[{"href":"https:\/\/pulvak.com\/en\/wp-json\/wp\/v2\/media?parent=18614"}],"curies":[{"name":"wp","href":"https:\/\/api.w.org\/{rel}","templated":true}]}}